{"id":781,"date":"2025-12-23T21:39:47","date_gmt":"2025-12-23T18:39:47","guid":{"rendered":"https:\/\/history.u-klubi.com\/tiitlivoistlused\/?page_id=781"},"modified":"2025-12-23T22:33:51","modified_gmt":"2025-12-23T19:33:51","slug":"2025-em-mastersite-tulemused","status":"publish","type":"page","link":"https:\/\/history.u-klubi.com\/tiitlivoistlused\/index.php\/2025-em-mastersite-tulemused\/","title":{"rendered":"2025 EM mastersite tulemused"},"content":{"rendered":"\n<p class=\"\"><strong>10.-14. detsember 2025 <\/strong>toimusid <strong>Lublinis<\/strong>, Poolas, mastersujumise Euroopa meistriv\u00f5istlused l\u00fchiraja ujumises (25 m). V\u00f5istlejaid oli seekord 35-st riigist kokku 1452. Eestist oli esindatud mastersujujad Meisterujumise U-klubist, ujumisklubist Briis ja Viimsi Veeklubist kokku 18 mastersujujat.<\/p>\n\n\n\n<p class=\"\">V\u00f5istlused olid Eesti ujujatele v\u00e4ga edukad, sest kokku v\u00f5ideti individuaalselt 24 ja v\u00f5istkondlikult 6 medalit. <\/p>\n\n\n\n<p class=\"\">Euroopa meistriteks p\u00e4rjati <strong>Sirje Voolmaa<\/strong>, kes p\u00fcstitas ka 200 m rinnuli ujumises vanuseklassi v\u00f5istluste rekordi, ja Eve Virkkunen, ning meestest <strong>Kaspar Raigla<\/strong> (Viimsi Veeklubi), kes sai oma nimele lisaks vanuseklassi v\u00f5istluste rekordi 50 m liblikas.<\/p>\n\n\n\n<p class=\"\">Traditsiooniliselt said medalid 3 esimest kohta ja diplomeid jagati 8 esimesele.<\/p>\n\n\n\n<p class=\"\"><strong>MEDALID<\/strong><\/p>\n\n\n\n<p class=\"\"><strong>Sirje Voolmaa<\/strong> (70-64)<br>200 rin &#8211; 4.03,57 (<strong>1. koht <\/strong>\/ 2 osav\u00f5tjat) &#8211;<strong> v\u00f5istluste rekord<\/strong><br>100 rin &#8211; 1.54,49 (<strong>1. koht <\/strong>\/ 2 osav\u00f5tjat)<br>100 ko &#8211; 1.50,83  (<strong>3. koht <\/strong>\/ 4 osav\u00f5tjat)<br>400 vab &#8211; 7.51,14  (3<strong>. koht <\/strong>\/ 5 osav\u00f5tjat)<\/p>\n\n\n\n<p class=\"\"><strong>Merle Vants<\/strong> (60-64)<br>200 sel &#8211; 3.03.28 (<strong>2. koht<\/strong> \/ 8 osav\u00f5tjat)<br>100 sel &#8211; 1.24,15 (<strong>2. koht <\/strong>\/ 8 osav\u00f5tjat)<br>200 ko &#8211; 3.08.18 (<strong>2. koht<\/strong> \/ 6 osav\u00f5tjat)<br>200 libl &#8211; 3.24,48 (<strong>3. koht<\/strong> \/ 5 osav\u00f5tjat)<\/p>\n\n\n\n<p class=\"\"><strong>Kaia Kulla<\/strong> (60-64)<br>200 rin &#8211; 3.20,27 (<strong>2. koht<\/strong> \/ 7 osav\u00f5tjat)<br>100 rin &#8211; 1.31,28 (<strong>3. koht<\/strong> \/ 9 osav\u00f5tjat<\/p>\n\n\n\n<p class=\"\"><strong>Eve Virkkunen<\/strong> (50-54)<br>50 libl &#8211; 32,55  (<strong>1. koht <\/strong>\/ 7 osav\u00f5tjat)<br>200 ko &#8211; 2.51,22 (<strong>2. koht<\/strong> \/ 8 osav\u00f5tjat)<br>100 ko  &#8211; 1.16,93 (<strong>3. koht<\/strong> \/10 osav\u00f5tjat)<\/p>\n\n\n\n<p class=\"\"><strong>Eino Kirss <\/strong>(85-89)<br>50 rin &#8211; 1.01.74 (<strong>2. koht <\/strong>\/ 2 osav\u00f5tjat)<br>50 vab &#8211; 47,77 (<strong>2. koht<\/strong> \/ 2 osav\u00f5tjat)<\/p>\n\n\n\n<p class=\"\"><strong>Arvi M\u00e4nniku<\/strong> (80-84)<br>50 rin &#8211; 1.11,27 (<strong>3. koht<\/strong> \/ 3 osav\u00f5tjat)<\/p>\n\n\n\n<p class=\"\"><strong>Lembit Laht<\/strong> (75-79)<br>100 libl &#8211; 1.51,20 (<strong>2. koht<\/strong> \/ 2 osav\u00f5tjat)<br>200 libl &#8211; 4.14,39 (<strong>2. koht<\/strong> \/3 osav\u00f5tjat)<\/p>\n\n\n\n<p class=\"\"><strong>Peep Kesk\u00fcla<\/strong> (70-79)<br>50 libl &#8211; 35,82 (<strong>2. koht <\/strong>\/ 5 osav\u00f5tjat)<br>200 rin &#8211; 3.22,50 (<strong>3. koht <\/strong>\/ 6 osav\u00f5tjat)<\/p>\n\n\n\n<p class=\"\"><strong>Marek Miller<\/strong> (50-54)<br>50 rin &#8211; 31,25 (<strong>3. koht<\/strong> \/ 33 osav\u00f5tjat)<\/p>\n\n\n\n<p class=\"\"><strong>Kaspar Raigla<\/strong> (35-39), Viimsi Veeklubi<br>50 libl  &#8211; 24,67 (<strong>1. koht <\/strong>\/ 26 osav\u00f5tjat) &#8211; <strong>v\u00f5istluste rekord<\/strong><br>100 ko &#8211; 57,13 (<strong>1. koht<\/strong> \/ 15 osav\u00f5tjat)<br>50 sel &#8211; 25,93 (<strong>1. koht <\/strong>\/ 20 osav\u00f5tjat)<\/p>\n\n\n\n<p class=\"\"><strong>TEATEUJUMINE<\/strong><\/p>\n\n\n\n<p class=\"\"><strong>4&#215;50<\/strong> <strong>kombineeritud<\/strong>, naised (240-279) &#8211; 2.39,12 (1. koht \/ 3 v\u00f5istkonda)<br>Merle Vantsi &#8211; 39,38<br>Kaia Kulla &#8211; 41,86,<br>Eve Virkkunen &#8211; 33,30<br>Sirje Voolmaa &#8211; 44,58<\/p>\n\n\n\n<p class=\"\"><strong>4&#215;50 vabalt, naised (<\/strong>240-279) &#8211; 2.25,84 (1. koht \/ 1 v\u00f5istkonda)<br>Kaia Kulla &#8211; 34,22 <br>Merle Vantsi &#8211; 34,55<br>Eve Virkkunen &#8211; 31,58<br>Sirje Voolmaa &#8211; 45,45<br><br><strong>4&#215;50 kombineeritud, mehed <\/strong>(280-319) &#8211; 2.34,54 (1. koht \/ 1 v\u00f5istkonda)<br>Toomas Haggi &#8211; 40,31<br>Aksel Luige &#8211; 46,70<br>Artur Tikkerb\u00e4r &#8211; 33,93<br>Peep kesk\u00fcla &#8211; 33,60<\/p>\n\n\n\n<p class=\"\"><strong>4&#215;50 vabalt, mehed<\/strong> (280-319) &#8211; 2.11,42 (1. koht \/ 1 v\u00f5istkonda)<br>Peep Kesk\u00fcla &#8211; 33,65<br>Lembit Laht &#8211; 35,64<br>Toomas Haggi &#8211; 32,41<br>Artur Tikkerb\u00e4r &#8211; 29,72<\/p>\n\n\n\n<p class=\"\"><strong>4&#215;50 kombineeritud, mehed<\/strong> (320-359) &#8211; 3.18.05 (2. koht \/ 3 v\u00f5istkonda)<br>Arne Kalviste &#8211; 42,93<br>Lembit Laht &#8211;  45,20<br>Eino Kirss &#8211; 1.02,03<br>Arvi M\u00e4nniku &#8211; 47,89<\/p>\n\n\n\n<p class=\"\"><strong>4&#215;50 vabalt, mehed (<\/strong>320-359) &#8211; 3.01,21 (2. koht \/ 3 v\u00f5istkonda)<br>Arne Kaleviste &#8211; 37,10<br>Eino Kirss &#8211; 47,79<br>Aksel Luige &#8211; 48,78<br>Arvi  M\u00e4nniku &#8211; 47,45<\/p>\n\n\n\n<p class=\"\"><strong>TULEMUSED<br>NAISED<\/strong><\/p>\n\n\n\n<p class=\"\"><strong>Kaia Kulla<\/strong> (60-64)<br>50 rin -41,19 (4. koht \/ 8 osav\u00f5tjat)<\/p>\n\n\n\n<p class=\"\"><strong>Eve Virkkunen<\/strong> (50-54)<br>50 sel &#8211; 35,92 (5. koht \/ 10 osalejat)<br>100 libl &#8211;  DSQ &#8211; <em>Touch was not made with both hands separated and simultaneously at turn and\/or finish<\/em><\/p>\n\n\n\n<p class=\"\"><strong>Kristiina Arusoo<\/strong> (45-49)<br>50 libl  &#8211; 34,44 (10. koht \/ 15 osav\u00f5tjat)<br>100 libl &#8211; 1.21,49 (10. koht \/ 11 osav\u00f5tjat)<br>200 libl &#8211; 3.14,86 (7. koht \/8  osav\u00f5tjat)<\/p>\n\n\n\n<p class=\"\"><strong>Marileen Vierland<\/strong> (30-34), Ujumisklubi Briis<br>100 ko &#8211; 1.12,89 (9. koht \/ 22 osalejat)<br>50 rin &#8211; 36.25 (8. koht \/ 15 osalejat)<br>100 rin &#8211; 1.21,75 (10. koht \/ 16 osalejat)<br>200 rin &#8211;  3.05,81 (7. koht \/ 10 osalejat)<br>50 vab &#8211; 29,52 (17. koht \/ 32 osalejat)<br>200 libl &#8211;  3.11,60 (8. koht \/ 8 osalejat)<\/p>\n\n\n\n<p class=\"\"><strong>MEHED<\/strong><\/p>\n\n\n\n<p class=\"\"><strong>Arvi M\u00e4nniku<\/strong> (80-84)<br>50 vab &#8211; 46,26 (4. koht \/ 4 osav\u00f5tjat)<\/p>\n\n\n\n<p class=\"\"><strong>Lembit Laht<\/strong> (75-79)<br>100 ko &#8211; 1.34,43 (4. koht \/ 9 osav\u00f5tjat)<br>200 ko &#8211; 3.32,07 (4. koht \/ 5 osav\u00f5tjat)<\/p>\n\n\n\n<p class=\"\"><strong>Aksel Luige<\/strong> (75-79)<br>50 rin &#8211; 45,47 (5. koht \/ 8 osav\u00f5tjat)<br>100 rin &#8211; 1.48,39 (5. koht \/ 7 osav\u00f5tjat)<\/p>\n\n\n\n<p class=\"\"><strong>Arne Kaleviste<\/strong> (75-79)<br>200 sel &#8211; 3.28,33 (4. koht \/ 6 osav\u00f5tjat)<br>100 sel &#8211; 1.34,79 (5. koht \/ 6 osav\u00f5tjat)<br>50 sel &#8211; 42,70 (5. koht \/ 7 osav\u00f5tjat)<\/p>\n\n\n\n<p class=\"\"><strong>Peep Kesk\u00fcla <\/strong>(70-74)<br>50 rin &#8211; 41,21 (6. koht \/ 15 osav\u00f5tjat)<br>100 rin &#8211; 1.34,10 (6. koht \/ 13 osav\u00f5tjat)<\/p>\n\n\n\n<p class=\"\"><strong>Ossi Vallemaa <\/strong>(70-74)<br>50 rin &#8211; 48,40 (13. koht \/ 15 osav\u00f5tjat)<br>100 rin &#8211; 1.43,94 (8. koht \/ 13 osav\u00f5tjat)<br>200 rin &#8211; 3.47,62 (5. koht \/ 6 osav\u00f5tjat)<br>50 vab &#8211; 36,50 (10. koht \/ 11 osav\u00f5tjat)<br>100 vab &#8211; 1.23,57 (8. koht \/ 9 osav\u00f5tjat)<\/p>\n\n\n\n<p class=\"\"><strong>Artur Tikkerb\u00e4r<\/strong> (65-69)<br>50 libl &#8211; 32,14 (10. koht \/ 15 osav\u00f5tjat)<br>50 sel &#8211; 34,98 (7. koht \/ 12 osav\u00f5tjat)<br>50 vab &#8211; 29,40 (7. koht \/ 14 osav\u00f5tjat)<br>100 vab &#8211; DNS              <\/p>\n\n\n\n<p class=\"\"><strong>Toomas Haggi<\/strong> (65-69)<br>100 ko &#8211; 1.56,14 (11. koht \/ 12 osav\u00f5tjat)<br>200 sel &#8211; 3.02,49 (4. koht \/ 4 osav\u00f5tjat)<br>200 rin &#8211; 3.27,56 (8. koht \/ 11 osav\u00f5tjat)<br>200 ko 7\/8<\/p>\n\n\n\n<p class=\"\"><strong>Marek Miller <\/strong>(50-54)<br>100 rin &#8211; 1.09,09 (4. koht \/ 29 osav\u00f5tjat)<\/p>\n\n\n\n<p class=\"\"><strong>Bruno Nopponen<\/strong> (50-54), Viimsi Veeklubi<br>200 sel &#8211; 2.27,90 (4. koht \/ 16 osav\u00f5tjat)<br>100 sel &#8211; 1.06,52 (6. koht \/ 20 osav\u00f5tjat)<br>50 sel &#8211; 30,94 (7.-8. koht \/ 18 osav\u00f5tjat)<\/p>\n\n\n\n<p class=\"\"><strong>Kaspar Raigla<\/strong> (35-39), Viimsi Veeklubi<br>100 lib &#8211; 57,17 (7. koht \/ 18 osav\u00f5tjat)<\/p>\n\n\n\n<p class=\"\"><strong>TEATEUJUMINE<\/strong><\/p>\n\n\n\n<p class=\"\"><strong>4&#215;50 vabalt, mixed <\/strong>(240-279) &#8211; 2.06,78 (5. koht \/6 v\u00f5istkonda)<br>Peep Kesk\u00fcla &#8211; 33,57<br>Marek Miller &#8211; 26,31<br>Kaia Kulla &#8211; 34,36<br>Eve Virkkunen &#8211; 32,54<\/p>\n\n\n\n<p class=\"\"><strong>4&#215;50 kombineeritud, mixed <\/strong>(240-279) &#8211; 2.15,99 (5. koht \/ 9 v\u00f5istkonda)<br>Merle Vantsi &#8211; 39,35<br>Marek Miller &#8211; 31,76<br>Artur Tikkerb\u00e4r -31,52<br>Kaia Kulla &#8211; 33,36<\/p>\n\n\n\n<p class=\"\">K\u00f5ik <a href=\"https:\/\/history.u-klubi.com\/tiitlivoistlused\/wp-content\/uploads\/2025\/12\/acfabc53-2e1e-4f2d-a019-343e85a2d0bc_Final-results.pdf\" target=\"_blank\" rel=\"noreferrer noopener\">tulemused<\/a><\/p>\n","protected":false},"excerpt":{"rendered":"<p>10.-14. detsember 2025 toimusid Lublinis, Poolas, mastersujumise Euroopa meistriv\u00f5istlused l\u00fchiraja ujumises (25 m). V\u00f5istlejaid oli seekord 35-st riigist kokku 1452. Eestist oli esindatud mastersujujad Meisterujumise U-klubist, ujumisklubist Briis ja Viimsi Veeklubist kokku 18 mastersujujat. V\u00f5istlused olid Eesti ujujatele v\u00e4ga edukad, sest kokku v\u00f5ideti individuaalselt 24 ja v\u00f5istkondlikult 6 medalit. Euroopa meistriteks p\u00e4rjati Sirje Voolmaa, kes &hellip; <a href=\"https:\/\/history.u-klubi.com\/tiitlivoistlused\/index.php\/2025-em-mastersite-tulemused\/\" class=\"more-link\">Loe edasi<span class=\"screen-reader-text\"> &#8220;2025 EM mastersite tulemused&#8221;<\/span><\/a><\/p>\n","protected":false},"author":1,"featured_media":0,"parent":0,"menu_order":0,"comment_status":"closed","ping_status":"closed","template":"","meta":{"nf_dc_page":"","om_disable_all_campaigns":false,"_monsterinsights_skip_tracking":false,"_monsterinsights_sitenote_active":false,"_monsterinsights_sitenote_note":"","_monsterinsights_sitenote_category":0,"jetpack_post_was_ever_published":false,"footnotes":""},"class_list":["post-781","page","type-page","status-publish","hentry"],"jetpack_sharing_enabled":true,"jetpack_shortlink":"https:\/\/wp.me\/P99gSf-cB","jetpack_likes_enabled":true,"jetpack-related-posts":[],"_links":{"self":[{"href":"https:\/\/history.u-klubi.com\/tiitlivoistlused\/index.php\/wp-json\/wp\/v2\/pages\/781","targetHints":{"allow":["GET"]}}],"collection":[{"href":"https:\/\/history.u-klubi.com\/tiitlivoistlused\/index.php\/wp-json\/wp\/v2\/pages"}],"about":[{"href":"https:\/\/history.u-klubi.com\/tiitlivoistlused\/index.php\/wp-json\/wp\/v2\/types\/page"}],"author":[{"embeddable":true,"href":"https:\/\/history.u-klubi.com\/tiitlivoistlused\/index.php\/wp-json\/wp\/v2\/users\/1"}],"replies":[{"embeddable":true,"href":"https:\/\/history.u-klubi.com\/tiitlivoistlused\/index.php\/wp-json\/wp\/v2\/comments?post=781"}],"version-history":[{"count":5,"href":"https:\/\/history.u-klubi.com\/tiitlivoistlused\/index.php\/wp-json\/wp\/v2\/pages\/781\/revisions"}],"predecessor-version":[{"id":790,"href":"https:\/\/history.u-klubi.com\/tiitlivoistlused\/index.php\/wp-json\/wp\/v2\/pages\/781\/revisions\/790"}],"wp:attachment":[{"href":"https:\/\/history.u-klubi.com\/tiitlivoistlused\/index.php\/wp-json\/wp\/v2\/media?parent=781"}],"curies":[{"name":"wp","href":"https:\/\/api.w.org\/{rel}","templated":true}]}}