{"id":777,"date":"2025-12-23T20:12:46","date_gmt":"2025-12-23T17:12:46","guid":{"rendered":"https:\/\/history.u-klubi.com\/tiitlivoistlused\/?page_id=777"},"modified":"2025-12-23T20:12:46","modified_gmt":"2025-12-23T17:12:46","slug":"2025-mm-mastersite-tulemused","status":"publish","type":"page","link":"https:\/\/history.u-klubi.com\/tiitlivoistlused\/index.php\/2025-mm-mastersite-tulemused\/","title":{"rendered":"2025 MM mastersite tulemused"},"content":{"rendered":"\n<p class=\"\"><strong>7.-14. august 2025<\/strong> toimusid Singapuri pealinnas Singapuris mastesite maailmameistriv\u00f5istlused ujumises, kus osales 2595 mees- ja 1987 nais- mastersujujat, kelle hulgas olid ka Meisterujumise U-klubist 4 naist &#8211; Tiia Brakmann, Kaia Kulla, Merle Vantsi ja Kristiina Arusoo, ning 8 meest &#8211; Lembit Laht, Aksel Luige,  Ossi Vallemaa, Rinat Giljazov, Aleks Kivinuk, Aleksandr Kr\u00f5lov, Olev Kooskora ja Roman T\u0161alov. <\/p>\n\n\n\n<p class=\"\">V\u00f5istluste atmosf\u00e4\u00e4r oli kirjeldatud kui \u201c<strong><em>United by Water<\/em><\/strong>\u201d.<\/p>\n\n\n\n<p class=\"\">Medaleid jagati kolmele esimesele ja diplomite v\u00e4\u00e4rilised olid 10 esimest.<\/p>\n\n\n\n<p class=\"\"><strong>MEDALID <\/strong><br><strong>Rinat Giljazov<\/strong><br>400 ko &#8211; 6.00,39 (<strong>3. koht <\/strong>\/ 16 osav\u00f5tjat)<br>200 libl &#8211; 2.46,00 (<strong>2. koht <\/strong>\/ 10 osav\u00f5tjat)<\/p>\n\n\n\n<p class=\"\"><strong>TULEMUSED<br>NAISED<\/strong><\/p>\n\n\n\n<p class=\"\"><strong>Tiia Brakmann<\/strong> (70-74)<br>50 sel &#8211; 48,45 (12. koht \/ 31 osav\u00f5tjat)<br>100 sel &#8211; 1.47,76 (10. koht \/  22 osav\u00f5tjat)<br>100 rin &#8211; 1.54,90 (9. koht \/ 28 osav\u00f5tjat)<\/p>\n\n\n\n<p class=\"\"><strong>Kaia Kulla<\/strong> (60-64)<br>50 rin &#8211; 42,62 (6. koht \/ 54 osav\u00f5tjat)<br>100 rin &#8211; 1.35,44 (7. koht \/ 37 osav\u00f5tjat)<br>200 rin &#8211; 3.31,36 &#8211; (6. koht \/ 30 osav\u00f5tjat)<\/p>\n\n\n\n<p class=\"\"><strong>Merle Vantsi<\/strong> (60-64)<br>200 sel &#8211; 3.07,65 (5. koht \/ 31 osav\u00f5tjat)<br>200 delf &#8211; 3.27,09 (5. koht \/ 18 osav\u00f5tjat)<br>200 ko &#8211; 3.09,90 (7.-8. koht \/ 27 osav\u00f5tjat)<br>400 ko &#8211; 6.47,99 (4. koht \/ 19 osav\u00f5tjat)<\/p>\n\n\n\n<p class=\"\"><strong>Kristiina<\/strong> <strong>Arusoo <\/strong>(45-49)<br>50 delf &#8211; 35,05 (22. koht \/ 54 osav\u00f5tjat)<br>100 delf &#8211; 1.25,44 (17. koht \/ 26 osav\u00f5tjat)<br>200 del- 3.18,59 (10. koht \/ 13 osav\u00f5tjat)<\/p>\n\n\n\n<p class=\"\"><strong>MEHED<\/strong><\/p>\n\n\n\n<p class=\"\"><strong>Lembit Laht<\/strong> (75-79)<br>200 sel  3.49,85 (7. koht \/ 13 osav\u00f5tjat)<br>100 delf &#8211; 1.59,56 (5. koht \/ 8 osav\u00f5tjat)<br>200 delf &#8211; DNS (ei startinud)<br>200 ko &#8211; 3.41,80 (7. koht \/ 11 osav\u00f5tjata)<br>400 ko &#8211; 8.05,35 (7 koht \/ 13 osav\u00f5tjat)<\/p>\n\n\n\n<p class=\"\"><strong>Aksel Luige<\/strong> (75-79)<br>50 rin &#8211; 46,47 ( 10. koht \/ 22 osav\u00f5tjat)<br>100 rin &#8211; 1.48,86 (8. koht \/ 16 osav\u00f5tjat)<\/p>\n\n\n\n<p class=\"\"><strong>Ossi Vallemaa<\/strong> (70-74)<br>50 vab &#8211; 36,55 (33. koht \/ 49 osav\u00f5tjat)<br>50 rin &#8211; 46,15 (16. koht \/ 35 osav\u00f5tjat)<br>100 rin 1.49,74 (18. koht \/ 27 osav\u00f5tjat)<br>200 rin &#8211; 4.00,66 (16. koht \/ 21 osav\u00f5tjat)<\/p>\n\n\n\n<p class=\"\"><strong>Rinat Giljazov <\/strong>(65-69)<br>400 vab &#8211; 5.16,40 ( 4. koht \/ 31 osav\u00f5tjat)<br>800 vab &#8211; 10.44,90 (5. koht \/ 27 osav\u00f5tjat)<br>100 delf  &#8211; 1.13,88 (5. koht \/ 22 osav\u00f5tjat)<\/p>\n\n\n\n<p class=\"\"><strong>Aleks Kivinuk <\/strong>(65-69)<br>50 rin &#8211; 46,06 (38. koht \/ 48 osav\u00f5tjat)<br>100 rin &#8211; 1.46,+5 (28. koht \/ 32 osav\u00f5tjat)<br>200 rin &#8211; 3.58,66 (29. koht \/ 31 osav\u00f5tjat)<\/p>\n\n\n\n<p class=\"\"><strong>Aleksandr Kr\u00f5lov<\/strong> (60-64)<br>50 vab &#8211; 31,12 (46. koht \/ 114 osav\u00f5tjat)<br>100 vab &#8211; 1.11,17 (38. koht \/ 70 osav\u00f5tjat)<br>50 rin &#8211; 41,63 ( 36. koht \/ 67 osav\u00f5tjat)<\/p>\n\n\n\n<p class=\"\"><strong>Olev Kooskora<\/strong> (60-64)<br>50 rin &#8211; 44,39 (50. koht \/ 67 osav\u00f5tjat)<br>100 rin &#8211; 1.42,42 (4. koht \/ 49 osav\u00f5tjat)<\/p>\n\n\n\n<p class=\"\"><strong>Roman T\u0161alov <\/strong>(60-64)<br>50 rin &#8211; 38,00 (18. koht \/ 67 osav\u00f5tjat)<br>200 rin &#8211; DSQ<\/p>\n\n\n\n<p class=\"\"><strong>TEATEUJUMISED<\/strong><\/p>\n\n\n\n<p class=\"\"><strong>4 x 50 vabal, naised <\/strong>(240-279) &#8211; 2.22,27 (6. koht \/ 16 v\u00f5istkonda)<br>Kaia Kulla &#8211; 34,84<br>Tiia Brakmann &#8211; 40,89<br>Merle Vantsi &#8211; 34,08<br>Kristiina &#8211; 32,46<\/p>\n\n\n\n<p class=\"\"><strong>4 x 50 kombineeritud<\/strong>, <strong>naised<\/strong> (240-279)  &#8211; 2.36,80 (8.koht \/ 20 v\u00f5istkonda)<br>Merle Vantsi &#8211; 39,41<br>Kaia Kulla &#8211; 42,33<br>Kristiina Arusoo &#8211; 34,28<br>Tiia Brakmann &#8211; 40,78<\/p>\n\n\n\n<p class=\"\"><strong>4 x 50 kombineeritud, mehed<\/strong> (280-319) &#8211; 2.37,96 (4. koht \/ 10 v\u00f5istkonda)<br>Aleksandr Kr\u00f5lov &#8211; 41,3<br>Aksel Luige &#8211; 45,98<br>Rinat Giljazov &#8211; 32,98<br>Lembit Laht &#8211; 37,17 280-319 10\/3<\/p>\n\n\n\n<p class=\"\"><strong>4 x 50 vabalt mixed <\/strong>(280-319) &#8211; 2.28,82 (5. koht\/ 12 v\u00f5istkonda)<br>Ossi Vallemaa &#8211; 36,48<br>Kaia Kulla &#8211; 34,07<br>Tiia Brakmann &#8211; 41,54<br>Lembit Laht 36,73<\/p>\n\n\n\n<p class=\"\"><strong>4 x 50 kombineeritud, mixed<\/strong> (280-319) &#8211; 2.49,71 (5. koht \/ 11 v\u00f5istkonda)<br>Tiia Brakmann &#8211; 48,21<br>Aksel Luige &#8211; 45,50<br>Merle Vantsi &#8211; 38,63<br>Lembit Laht &#8211; 37,37<\/p>\n\n\n\n<p class=\"\">K\u00f5ik <a href=\"https:\/\/results.microplustimingservices.com\/MastersSingapore2025\/#\/schedule-bydate-json\/1\/*\" target=\"_blank\" rel=\"noreferrer noopener\">tulemused<\/a><\/p>\n\n\n\n<p class=\"\"><\/p>\n","protected":false},"excerpt":{"rendered":"<p>7.-14. august 2025 toimusid Singapuri pealinnas Singapuris mastesite maailmameistriv\u00f5istlused ujumises, kus osales 2595 mees- ja 1987 nais- mastersujujat, kelle hulgas olid ka Meisterujumise U-klubist 4 naist &#8211; Tiia Brakmann, Kaia Kulla, Merle Vantsi ja Kristiina Arusoo, ning 8 meest &#8211; Lembit Laht, Aksel Luige, Ossi Vallemaa, Rinat Giljazov, Aleks Kivinuk, Aleksandr Kr\u00f5lov, Olev Kooskora ja &hellip; <a href=\"https:\/\/history.u-klubi.com\/tiitlivoistlused\/index.php\/2025-mm-mastersite-tulemused\/\" class=\"more-link\">Loe edasi<span class=\"screen-reader-text\"> &#8220;2025 MM mastersite tulemused&#8221;<\/span><\/a><\/p>\n","protected":false},"author":1,"featured_media":0,"parent":0,"menu_order":0,"comment_status":"closed","ping_status":"closed","template":"","meta":{"nf_dc_page":"","om_disable_all_campaigns":false,"_monsterinsights_skip_tracking":false,"_monsterinsights_sitenote_active":false,"_monsterinsights_sitenote_note":"","_monsterinsights_sitenote_category":0,"jetpack_post_was_ever_published":false,"footnotes":""},"class_list":["post-777","page","type-page","status-publish","hentry"],"jetpack_sharing_enabled":true,"jetpack_shortlink":"https:\/\/wp.me\/P99gSf-cx","jetpack_likes_enabled":true,"jetpack-related-posts":[],"_links":{"self":[{"href":"https:\/\/history.u-klubi.com\/tiitlivoistlused\/index.php\/wp-json\/wp\/v2\/pages\/777","targetHints":{"allow":["GET"]}}],"collection":[{"href":"https:\/\/history.u-klubi.com\/tiitlivoistlused\/index.php\/wp-json\/wp\/v2\/pages"}],"about":[{"href":"https:\/\/history.u-klubi.com\/tiitlivoistlused\/index.php\/wp-json\/wp\/v2\/types\/page"}],"author":[{"embeddable":true,"href":"https:\/\/history.u-klubi.com\/tiitlivoistlused\/index.php\/wp-json\/wp\/v2\/users\/1"}],"replies":[{"embeddable":true,"href":"https:\/\/history.u-klubi.com\/tiitlivoistlused\/index.php\/wp-json\/wp\/v2\/comments?post=777"}],"version-history":[{"count":1,"href":"https:\/\/history.u-klubi.com\/tiitlivoistlused\/index.php\/wp-json\/wp\/v2\/pages\/777\/revisions"}],"predecessor-version":[{"id":779,"href":"https:\/\/history.u-klubi.com\/tiitlivoistlused\/index.php\/wp-json\/wp\/v2\/pages\/777\/revisions\/779"}],"wp:attachment":[{"href":"https:\/\/history.u-klubi.com\/tiitlivoistlused\/index.php\/wp-json\/wp\/v2\/media?parent=777"}],"curies":[{"name":"wp","href":"https:\/\/api.w.org\/{rel}","templated":true}]}}