{"id":768,"date":"2025-11-21T21:14:02","date_gmt":"2025-11-21T18:14:02","guid":{"rendered":"https:\/\/history.u-klubi.com\/tiitlivoistlused\/?page_id=768"},"modified":"2025-12-23T20:17:21","modified_gmt":"2025-12-23T17:17:21","slug":"2024-masterite-mm-tulemused","status":"publish","type":"page","link":"https:\/\/history.u-klubi.com\/tiitlivoistlused\/index.php\/2024-masterite-mm-tulemused\/","title":{"rendered":"2024 masterite MM tulemused"},"content":{"rendered":"\n<p class=\"\"><strong>23. veebruarist kuni 03. m\u00e4rtsini 2024<\/strong> toimusid mastersite maailmameistriv\u00f5istlused <strong>Dohas, Kataris<\/strong>.<\/p>\n\n\n\n<p class=\"\">Meisterujumise U-klubist olid  individuaaldistantsidel stardis 2 naist ja 9  meest.<\/p>\n\n\n\n<p class=\"\">Naistest v\u00f5istlesid Merle Vantsi (55-59) ja Eili Paap (45-49).<\/p>\n\n\n\n<p class=\"\">Meestest olid v\u00f5istlustules Aksel Luige (75-79), Lembit Laht (75-79), Peep Kesk\u00fcla (70-74), Aleksandr Bati\u0161tsev (70-74), Ossi Vallemaa (70-74), Rinat Giljazov (65-69), Olev Kooskora (60-64), Aleksei Kivinuk (60-64) ja Oleg Lukonenko (60-64) j.<\/p>\n\n\n\n<p class=\"\">Medaleid jagati nii individuaaldistantsidel kui ka teateujumises esimesele kolmele (1.-3. koht) ja k\u00fcmme esimest (1.-10. koht) said autasustatud diplomiga.<\/p>\n\n\n\n<p class=\"\"><strong>MEDALID<\/strong><\/p>\n\n\n\n<p class=\"\"><strong>Lembit Laht<\/strong><br>400 kompleksi &#8211; 7.45,99 (<strong>1. koht<\/strong>&nbsp;\/ 5 osav\u00f5tjat)<br>200 rinnuli  &#8211; 3.33,34 (<strong>2. koht<\/strong>&nbsp;\/ 8 osav\u00f5tjat)<\/p>\n\n\n\n<p class=\"\"><strong>Rinat Giljazov<\/strong><br>200 liblikat- 2.49,04 (1<strong>. koht<\/strong>&nbsp;\/ 9 osav\u00f5tjat)<br>100 liblikat &#8211; 1.14,22 (<strong>2. koht<\/strong>&nbsp;\/ 9 osav\u00f5tjat)<br>800 vabalt &#8211; 10.37,00 (3<strong>. koht<\/strong>&nbsp;\/ 20 osav\u00f5tjat)<br>400 kompleksi &#8211; 5.59,21 (<strong>3. koht<\/strong>&nbsp;\/ 12 osav\u00f5tjat)<\/p>\n\n\n\n<p class=\"\"><strong>TEATEUJUMISED<\/strong><br><strong>4&#215;50 kombineeritud, mehed (280-319)<\/strong> -2.28,71 (<strong>1. koht<\/strong>&nbsp;\/  8 v\u00f5istkonda)<br>Peep kesk\u00fcla, selili &#8211; 39,63<br>Aksel Luige, rinnuli &#8211; 44,26<br>Rinat Giljazov, liblikas &#8211; 32,48<br>Aleksandr Bati\u0161t\u0161ev, vabalt &#8211; 32,34<\/p>\n\n\n\n<p class=\"\"><strong>4&#215;50 vabalt, mehed (280-319)<\/strong> &#8211; 2.11,51 (<strong>2. koht<\/strong>&nbsp;\/ 5 v\u00f5istkonda)<br>Peep Kesk\u00fcla &#8211; 32,03<br>Rinat Giljazov &#8211; 30,61<br>Lembit Laht &#8211; 36,50<br>Aleksandr Bati\u0161t\u0161ev &#8211; 32,37<\/p>\n\n\n\n<p class=\"\"><strong>TULEMUSED<\/strong><br><strong>NAISED<\/strong><\/p>\n\n\n\n<p class=\"\"><strong>Merle Vantsi<\/strong><br>200 selili &#8211; 3.02,98 (7. koht&nbsp;\/ 11 osav\u00f5tjat)<br>200 liblikat &#8211; 3.20,24 (4. koht&nbsp;\/ 8 osav\u00f5tjat)<br>400 kompleksi &#8211; 6.47,77 (4. koht&nbsp;\/ 6 osav\u00f5tjat)<br>200 kompleksi &#8211; DNS (<em>did not start<\/em>)<\/p>\n\n\n\n<p class=\"\"><strong>Eili Paap<\/strong><br>200 selili &#8211; 2.59,63  (7. koht&nbsp;\/ 11 osav\u00f5tjat)<br>100 selili &#8211; 1.22,19  (8. koht&nbsp;\/ 15 osav\u00f5tjat)<\/p>\n\n\n\n<p class=\"\"><strong>MEHED<\/strong><\/p>\n\n\n\n<p class=\"\"><strong>Lembit Laht<\/strong><br>200 selili &#8211; 3.46, 20  (4. koht&nbsp;\/ 8 osav\u00f5tjat)<br>200 kompleksi &#8211; 3.52,72  (4. koht&nbsp;\/ 7 osav\u00f5tjat)<br>200 liblikat &#8211; DNS (<em>did not start<\/em>)<\/p>\n\n\n\n<p class=\"\"><strong>Aksel Luige<\/strong><br>50 rinnuli &#8211; 44,48  (4. koht&nbsp;\/ 17 osav\u00f5tjat) <\/p>\n\n\n\n<p class=\"\"><strong>Rinat Giljazov<\/strong><br>400 vabalt &#8211; 5.14,76 (4. koht&nbsp;\/ 19 osav\u00f5tjat)<\/p>\n\n\n\n<p class=\"\"><strong>Aleksandr Bati\u0161t\u0161ev<\/strong><br>100 rinnuli &#8211; 1.29,87 (4. koht&nbsp;\/ 15 osav\u00f5tjat)<br>200 rinnuli &#8211; 3.19,00 (4. koht&nbsp;\/ 14 osav\u00f5tjat)<br>50 rinnuli &#8211; 39,51 (5. koht&nbsp;\/ 17 osav\u00f5tjat)<br>50 liblikat &#8211; 35,19 (8. koht&nbsp;\/ 14 osav\u00f5tjat)<\/p>\n\n\n\n<p class=\"\"><strong>Peep Kesk\u00fcla<\/strong><br>100 liblikat   1.25,95 (6. koht&nbsp;\/ 10 osav\u00f5tjat)<br>50 liblikat &#8211; 34,18 (6. koht&nbsp;\/ 14 osav\u00f5tjat)<br>100 rinnuli &#8211; 1.34,34 (8. koht&nbsp;\/ 15 osav\u00f5tjat)<br>50 selili &#8211; 39,49 (8. koht&nbsp;\/ 9 osav\u00f5tjat)<br>50 rinnuli &#8211; 41,21 (9. koht&nbsp;\/ 17 osav\u00f5tjat)<\/p>\n\n\n\n<p class=\"\"><strong>Ossi Vallemaa<\/strong><br>100 rinnuli &#8211; 1.42,66 (10. koht&nbsp;\/ 15 osav\u00f5tjat)<br>200 rinnuli &#8211; 3.58,61 (10. koht&nbsp;\/ 14 osav\u00f5tjat)<br>50 rinnuli &#8211; 44,95 (11. koht&nbsp;\/ 17 osav\u00f5tjat)<br>50 vabalt &#8211; 35,14 (11. koht&nbsp;\/ 19 osav\u00f5tjat)<\/p>\n\n\n\n<p class=\"\"><strong>Igor Lukonenko<\/strong><br>50 liblikat &#8211; 33,09 (14. koht&nbsp;\/ 22 osav\u00f5tjat)<br>100 liblikat &#8211; 1.22,94 (15. koht&nbsp;\/ 19 osav\u00f5tjat)<\/p>\n\n\n\n<p class=\"\"><strong>Olev Kooskora<\/strong><br>100 rinnuli &#8211; 1.42,35 (21. koht&nbsp;\/ 23 osav\u00f5tjat)<\/p>\n\n\n\n<p class=\"\"><strong>Aleksei Kivinuk<\/strong><br>100 rinnuli &#8211; 1.43,94 (22. koht&nbsp;\/ 23 osav\u00f5tjat)<br>50 rinnuli &#8211; 45,78 (29. koht&nbsp;\/ 33 osav\u00f5tjat)<br>200 rinnuli &#8211; NT (<em>no time<\/em>)<\/p>\n\n\n\n<p class=\"\"><strong>TEATEUJUMISED<\/strong><\/p>\n\n\n\n<p class=\"\"><strong>4&#215;50 kombineeritud, sega (240-279)<\/strong> &#8211; 2.25,63 (9. koht&nbsp;\/ 21 osav\u00f5tjat)<br>Eili Paap, selili &#8211; 37,78<br>Peep Kesk\u00fcla, rinnuli &#8211; 41,37<br>Rinat Giljazov, liblikat &#8211; 32,99<br>Merle Vantsi, vabalt &#8211; 33,49<\/p>\n\n\n\n<p class=\"\"><strong>4&#215;50 vabalt, sega (240-279) <\/strong>&#8211; 2.11,85 (14. koht&nbsp;\/ 19 osav\u00f5tjat)<br>Peep Kesk\u00fcla &#8211; 32,57<br>Merle Vantsi &#8211; 33,86<br>Olev Kooskora &#8211; 33,14<br>Eili Paap &#8211; 32,28<br><\/p>\n\n\n\n<p class=\"\">K\u00f5ik <a href=\"https:\/\/wmc2024.microplustimingservices.com\/assets\/export\/Doha\/NU\/pdf\/SWM_Book_V3.pdf\" target=\"_blank\" rel=\"noreferrer noopener\">tulemused <\/a><br><a href=\"https:\/\/wmc2024.microplustimingservices.com\/#\/schedule-bydate-json\/1\/*\" target=\"_blank\" rel=\"noreferrer noopener\">Tulemused<\/a> p\u00e4evade kaupa<br><a href=\"https:\/\/wmc2024.microplustimingservices.com\/#\/schedule-bycat-json\/1\/*\" target=\"_blank\" rel=\"noreferrer noopener\">Tulemused<\/a> alade j\u00e4rgi<\/p>\n\n\n\n<p class=\"\"><\/p>\n","protected":false},"excerpt":{"rendered":"<p>23. veebruarist kuni 03. m\u00e4rtsini 2024 toimusid mastersite maailmameistriv\u00f5istlused Dohas, Kataris. Meisterujumise U-klubist olid individuaaldistantsidel stardis 2 naist ja 9 meest. Naistest v\u00f5istlesid Merle Vantsi (55-59) ja Eili Paap (45-49). Meestest olid v\u00f5istlustules Aksel Luige (75-79), Lembit Laht (75-79), Peep Kesk\u00fcla (70-74), Aleksandr Bati\u0161tsev (70-74), Ossi Vallemaa (70-74), Rinat Giljazov (65-69), Olev Kooskora (60-64), Aleksei &hellip; <a href=\"https:\/\/history.u-klubi.com\/tiitlivoistlused\/index.php\/2024-masterite-mm-tulemused\/\" class=\"more-link\">Loe edasi<span class=\"screen-reader-text\"> &#8220;2024 masterite MM tulemused&#8221;<\/span><\/a><\/p>\n","protected":false},"author":1,"featured_media":0,"parent":0,"menu_order":0,"comment_status":"closed","ping_status":"closed","template":"","meta":{"nf_dc_page":"","om_disable_all_campaigns":false,"_monsterinsights_skip_tracking":false,"_monsterinsights_sitenote_active":false,"_monsterinsights_sitenote_note":"","_monsterinsights_sitenote_category":0,"jetpack_post_was_ever_published":false,"footnotes":""},"class_list":["post-768","page","type-page","status-publish","hentry"],"jetpack_sharing_enabled":true,"jetpack_shortlink":"https:\/\/wp.me\/P99gSf-co","jetpack_likes_enabled":true,"jetpack-related-posts":[],"_links":{"self":[{"href":"https:\/\/history.u-klubi.com\/tiitlivoistlused\/index.php\/wp-json\/wp\/v2\/pages\/768","targetHints":{"allow":["GET"]}}],"collection":[{"href":"https:\/\/history.u-klubi.com\/tiitlivoistlused\/index.php\/wp-json\/wp\/v2\/pages"}],"about":[{"href":"https:\/\/history.u-klubi.com\/tiitlivoistlused\/index.php\/wp-json\/wp\/v2\/types\/page"}],"author":[{"embeddable":true,"href":"https:\/\/history.u-klubi.com\/tiitlivoistlused\/index.php\/wp-json\/wp\/v2\/users\/1"}],"replies":[{"embeddable":true,"href":"https:\/\/history.u-klubi.com\/tiitlivoistlused\/index.php\/wp-json\/wp\/v2\/comments?post=768"}],"version-history":[{"count":4,"href":"https:\/\/history.u-klubi.com\/tiitlivoistlused\/index.php\/wp-json\/wp\/v2\/pages\/768\/revisions"}],"predecessor-version":[{"id":780,"href":"https:\/\/history.u-klubi.com\/tiitlivoistlused\/index.php\/wp-json\/wp\/v2\/pages\/768\/revisions\/780"}],"wp:attachment":[{"href":"https:\/\/history.u-klubi.com\/tiitlivoistlused\/index.php\/wp-json\/wp\/v2\/media?parent=768"}],"curies":[{"name":"wp","href":"https:\/\/api.w.org\/{rel}","templated":true}]}}