{"id":73,"date":"2017-08-10T20:08:32","date_gmt":"2017-08-10T17:08:32","guid":{"rendered":"http:\/\/history.u-klubi.com\/tiitlivoistlused\/?page_id=73"},"modified":"2017-09-05T20:05:04","modified_gmt":"2017-09-05T17:05:04","slug":"2016-avaveeujumise-tulemused","status":"publish","type":"page","link":"https:\/\/history.u-klubi.com\/tiitlivoistlused\/index.php\/avaveeujumise-tiitlivoistlused\/2016-avaveeujumise-tulemused\/","title":{"rendered":"2016 avaveeujumise tulemused"},"content":{"rendered":"<p>2016. aasta oli meisterujumise Euroopa meistriv\u00f5istluste osas eriline veel seet\u00f5ttu, et avaveeujumine (ja ka veepall) peeti eraldi basseiniujumisest ja seda hoopis 09.-17.09.2016, Rijekas (Horvaatia).<br \/>\nDistantsiks on 5 km.<\/p>\n<p>Vastupidiselt kevadisele v\u00f5istlusele oli avaveeujumisest osav\u00f5tt tavap\u00e4rasest natuke kesisem. Eestist osales 18 sportlast, kellest 14 esindasid meisterujumise U-klubi.<\/p>\n<p>Euroopa meistriks avaveeujumises tuli <strong>Eha Lilienthal<\/strong> (70-74) ajaga 1:48:19.<\/p>\n<p>K\u00fcmne parema hulka ujusid Bruno Nopponen (4. koht), Alder Harkmann (6. koht), Maksim Ivanov (10. koht), Aksel Luige (9. koht), Olav Lukin (9. koht), Merle Vantsi (8. koht) ja Tiia Brakmann (8. koht)<\/p>\n<p><strong>MEDALID<\/strong><\/p>\n<p>Eha Lilienthal (70-74), Meisterujumise U-klubi<\/p>\n<ul>\n1:48:19 (1. koht), osav\u00f5tjaid 3<\/ul>\n<p><strong>TULEMUSED<\/strong><\/p>\n<p>Alder Harkmann (30-34), meisterujumise U-klubi<\/p>\n<ul>\u00a0 1:15:36 (6. koht), osav\u00f5tjaid 16<\/ul>\n<p>Maksim Ivanov (30-34), Maardu ujumisklubi<\/p>\n<ul>1:23:17 (10. koht), osav\u00f5tjaid 16<\/ul>\n<p>Romet Tepper (35-39), Viimsi Veeklubi<\/p>\n<ul>1:14:53 (16. koht), osav\u00f5tjaid 26<\/ul>\n<p>Bruno Nopponen (40-44), Viimsi Veeklubi<\/p>\n<ul>1:09:05 (4. koht), osav\u00f5tjaid 26<\/ul>\n<p>Aleksei Kargin (40-44), meisterujumise U-klubi<\/p>\n<ul>1:44:41 (23. koht), osav\u00f5tjaid 26<\/ul>\n<p>Olev Kooskora (50-54), meisterujumise U-klubi<\/p>\n<ul>1:48:45 (32. koht), osav\u00f5tjaid 36<\/ul>\n<p>Toomas Haggi (55-59), meisterujumise U-klubi<\/p>\n<ul>1:25:24 (26. koht), osav\u00f5tjaid 44<\/ul>\n<p>Andrei Severdalkin (55-59), meisterujumise U-klubi<\/p>\n<ul>1:39:17 (39. koht), osav\u00f5tjaid 44<\/ul>\n<p>Aleksandr Bati\u0161t\u0161ev (60-64), meisterujumise U-klubi<\/p>\n<ul>1:31:39 (15. koht), osav\u00f5tjaid 31<\/ul>\n<p>Peep Kesk\u00fcla (60-64), meisterujumise U-klubi<\/p>\n<ul>1:31:52 (18. koht), osav\u00f5tjaid 31<\/ul>\n<p>Aksel Luige (65-69), meisterujumise U-klubi<\/p>\n<ul>1:46:58 (9. koht), osav\u00f5tjaid 10<\/ul>\n<p>Olav Lukin (70-74), meisterujumise U-klubi<\/p>\n<ul>1:48:59 (9. koht), osav\u00f5tjaid 11<\/ul>\n<p>Kristiina Arusoo (35-39, meisterujumise U-klubi<\/p>\n<ul>1:36:47 (18. koht), osav\u00f5tjaid 22<\/ul>\n<p>Eili Paap (40-44), meisterujumise U-klubi<\/p>\n<ul>1:37:38 (18. koht), osav\u00f5tjaid 24<\/ul>\n<p>Eve Virkkunen (45-49), meisterujumise U-klubi<\/p>\n<ul>1:25:12 (11. koht), osav\u00f5tjaid 26<\/ul>\n<p>Merle Vantsi (50-54), meisterujumise U-klubi<\/p>\n<ul>1:27:40 (8. koht), osav\u00f5tjaid 17<\/ul>\n<p>Tiia Brakmann (60-64), meisterujumise U-klubi<\/p>\n<ul>2:03:33 (8. koht), osav\u00f5tjaid 9<\/ul>\n<p>Avaveeujumise tulemused.<\/p>\n","protected":false},"excerpt":{"rendered":"<p>2016. aasta oli meisterujumise Euroopa meistriv\u00f5istluste osas eriline veel seet\u00f5ttu, et avaveeujumine (ja ka veepall) peeti eraldi basseiniujumisest ja seda hoopis 09.-17.09.2016, Rijekas (Horvaatia). Distantsiks on 5 km. Vastupidiselt kevadisele v\u00f5istlusele oli avaveeujumisest osav\u00f5tt tavap\u00e4rasest natuke kesisem. Eestist osales 18 sportlast, kellest 14 esindasid meisterujumise U-klubi. Euroopa meistriks avaveeujumises tuli Eha Lilienthal (70-74) ajaga 1:48:19. &hellip; <a href=\"https:\/\/history.u-klubi.com\/tiitlivoistlused\/index.php\/avaveeujumise-tiitlivoistlused\/2016-avaveeujumise-tulemused\/\" class=\"more-link\">Loe edasi<span class=\"screen-reader-text\"> &#8220;2016 avaveeujumise tulemused&#8221;<\/span><\/a><\/p>\n","protected":false},"author":1,"featured_media":0,"parent":70,"menu_order":2,"comment_status":"closed","ping_status":"closed","template":"","meta":{"nf_dc_page":"","om_disable_all_campaigns":false,"_monsterinsights_skip_tracking":false,"_monsterinsights_sitenote_active":false,"_monsterinsights_sitenote_note":"","_monsterinsights_sitenote_category":0,"jetpack_post_was_ever_published":false,"footnotes":""},"class_list":["post-73","page","type-page","status-publish","hentry"],"jetpack_sharing_enabled":true,"jetpack_shortlink":"https:\/\/wp.me\/P99gSf-1b","jetpack_likes_enabled":true,"jetpack-related-posts":[],"_links":{"self":[{"href":"https:\/\/history.u-klubi.com\/tiitlivoistlused\/index.php\/wp-json\/wp\/v2\/pages\/73","targetHints":{"allow":["GET"]}}],"collection":[{"href":"https:\/\/history.u-klubi.com\/tiitlivoistlused\/index.php\/wp-json\/wp\/v2\/pages"}],"about":[{"href":"https:\/\/history.u-klubi.com\/tiitlivoistlused\/index.php\/wp-json\/wp\/v2\/types\/page"}],"author":[{"embeddable":true,"href":"https:\/\/history.u-klubi.com\/tiitlivoistlused\/index.php\/wp-json\/wp\/v2\/users\/1"}],"replies":[{"embeddable":true,"href":"https:\/\/history.u-klubi.com\/tiitlivoistlused\/index.php\/wp-json\/wp\/v2\/comments?post=73"}],"version-history":[{"count":4,"href":"https:\/\/history.u-klubi.com\/tiitlivoistlused\/index.php\/wp-json\/wp\/v2\/pages\/73\/revisions"}],"predecessor-version":[{"id":249,"href":"https:\/\/history.u-klubi.com\/tiitlivoistlused\/index.php\/wp-json\/wp\/v2\/pages\/73\/revisions\/249"}],"up":[{"embeddable":true,"href":"https:\/\/history.u-klubi.com\/tiitlivoistlused\/index.php\/wp-json\/wp\/v2\/pages\/70"}],"wp:attachment":[{"href":"https:\/\/history.u-klubi.com\/tiitlivoistlused\/index.php\/wp-json\/wp\/v2\/media?parent=73"}],"curies":[{"name":"wp","href":"https:\/\/api.w.org\/{rel}","templated":true}]}}