{"id":661,"date":"2023-11-25T19:22:00","date_gmt":"2023-11-25T16:22:00","guid":{"rendered":"https:\/\/history.u-klubi.com\/tiitlivoistlused\/?page_id=661"},"modified":"2024-02-25T20:09:10","modified_gmt":"2024-02-25T17:09:10","slug":"2023-mastersite-em-tulemused","status":"publish","type":"page","link":"https:\/\/history.u-klubi.com\/tiitlivoistlused\/index.php\/2023-mastersite-em-tulemused\/","title":{"rendered":"2023 mastersite EM tulemused"},"content":{"rendered":"\n<p class=\"\">19.-25. novembril 2023 toimus esmakordselt mastersite l\u00fchiraja Euroopa meistriv\u00f5istlused. U-klubilastest osalesid Aleksandr Bati\u0161t\u0161ev, Aksel Luige, Aleks Kivinuk ja Jukka Laikari.<\/p>\n\n\n\n<p class=\"\"><strong>MEDALID<\/strong><\/p>\n\n\n\n<p class=\"\"><strong>Aleksandr Bati\u0161t\u0161ev (70-74)<\/strong><br>50 rin &#8211; 40,22 (<strong>1. koht<\/strong>, osav\u00f5tjaid 6)<br>100 rin &#8211; 1.28,47 (<strong>1.koht<\/strong>, osav\u00f5tjaid 8)<br>200 rin &#8211; 3.14,19 (<strong>1. koht<\/strong>, osav\u00f5tjaid 5)<br>50 libl &#8211; 35,74 (<strong>2. koht<\/strong>, osav\u00f5tjaid 4)<\/p>\n\n\n\n<p class=\"\"><strong>TULEMUSED<\/strong><\/p>\n\n\n\n<p class=\"\"><strong>Jukka Laikari (60-64)<\/strong><br>200 vab &#8211; 2.40, 86 (9. koht, 0sav\u00f5tjaid 10)<br>400 vab &#8211; 6.00,52 (12. koht, osav\u00f5tjaid 13)<br>50 libl -35,52 (9. koht, osav\u00f5tjaid 12)<\/p>\n\n\n\n<p class=\"\"><strong>Aleks Kivinuk (60-64)<\/strong><br>100 rin &#8211; 1.41,20 (7. koht, osav\u00f5tjaid 9)<\/p>\n\n\n\n<p class=\"\"><strong>Aksel Luige (70-74)<\/strong><br>100 rin &#8211; DNS<\/p>\n\n\n\n<p class=\"\">K\u00f5ik <a href=\"https:\/\/mastersmadeira2023.com\/resultados\/\" target=\"_blank\" rel=\"noreferrer noopener\">tulemused<\/a><\/p>\n\n\n\n<figure class=\"wp-block-embed is-type-rich is-provider-hendusliides wp-block-embed-hendusliides\"><div class=\"wp-block-embed__wrapper\">\n<div class=\"fb-post\" data-href=\"https:\/\/www.facebook.com\/permalink.php?story_fbid=pfbid02s56h72SAHPP8txtnLRJTiuUFY7BKQmBg7VaaY2jNGkBsgtZvyuaBud4uDEsz3PMfl&#038;id=100057643142250\" data-width=\"552\" style=\"background-color: #fff; display: inline-block;\"><\/div>\n<\/div><\/figure>\n\n\n\n<figure class=\"wp-block-embed is-type-rich is-provider-hendusliides wp-block-embed-hendusliides\"><div class=\"wp-block-embed__wrapper\">\n<div class=\"fb-post\" data-href=\"https:\/\/www.facebook.com\/permalink.php?story_fbid=pfbid0trXE6B4tsvxVieD7YGzJU8SnUQz8q4dSUkiT3tZSKz35S1DXbaZ1RpZ7rwmvizSil&#038;id=100057643142250\" data-width=\"552\" style=\"background-color: #fff; display: inline-block;\"><\/div>\n<\/div><\/figure>\n\n\n\n<p class=\"\"><\/p>\n\n\n\n<figure class=\"wp-block-embed is-type-rich is-provider-hendusliides wp-block-embed-hendusliides\"><div class=\"wp-block-embed__wrapper\">\n<div class=\"fb-post\" data-href=\"https:\/\/www.facebook.com\/permalink.php?story_fbid=pfbid02KLFeYrd3gbLn9ru5Ec3VtB1DDnWwYZxdFcFfesXngVHh1A4zeFHevDTE2YqiJEv5l&#038;id=100057643142250\" data-width=\"552\" style=\"background-color: #fff; display: inline-block;\"><\/div>\n<\/div><\/figure>\n\n\n\n<p class=\"\"><\/p>\n\n\n\n<figure class=\"wp-block-embed is-type-rich is-provider-hendusliides wp-block-embed-hendusliides\"><div class=\"wp-block-embed__wrapper\">\n<div class=\"fb-post\" data-href=\"https:\/\/www.facebook.com\/permalink.php?story_fbid=pfbid0ro9xgf9EAtG1tnkrgABRdZPCYifdmZdQp76AwiwspLjGUQra3RVBc79oxHKtgVKzl&#038;id=100057643142250\" data-width=\"552\" style=\"background-color: #fff; display: inline-block;\"><\/div>\n<\/div><\/figure>\n","protected":false},"excerpt":{"rendered":"<p>19.-25. novembril 2023 toimus esmakordselt mastersite l\u00fchiraja Euroopa meistriv\u00f5istlused. U-klubilastest osalesid Aleksandr Bati\u0161t\u0161ev, Aksel Luige, Aleks Kivinuk ja Jukka Laikari. MEDALID Aleksandr Bati\u0161t\u0161ev (70-74)50 rin &#8211; 40,22 (1. koht, osav\u00f5tjaid 6)100 rin &#8211; 1.28,47 (1.koht, osav\u00f5tjaid 8)200 rin &#8211; 3.14,19 (1. koht, osav\u00f5tjaid 5)50 libl &#8211; 35,74 (2. koht, osav\u00f5tjaid 4) TULEMUSED Jukka Laikari (60-64)200 &hellip; <a href=\"https:\/\/history.u-klubi.com\/tiitlivoistlused\/index.php\/2023-mastersite-em-tulemused\/\" class=\"more-link\">Loe edasi<span class=\"screen-reader-text\"> &#8220;2023 mastersite EM tulemused&#8221;<\/span><\/a><\/p>\n","protected":false},"author":1,"featured_media":0,"parent":0,"menu_order":0,"comment_status":"closed","ping_status":"closed","template":"","meta":{"nf_dc_page":"","om_disable_all_campaigns":false,"_monsterinsights_skip_tracking":false,"_monsterinsights_sitenote_active":false,"_monsterinsights_sitenote_note":"","_monsterinsights_sitenote_category":0,"jetpack_post_was_ever_published":false,"footnotes":""},"class_list":["post-661","page","type-page","status-publish","hentry"],"jetpack_sharing_enabled":true,"jetpack_shortlink":"https:\/\/wp.me\/P99gSf-aF","jetpack_likes_enabled":true,"jetpack-related-posts":[],"_links":{"self":[{"href":"https:\/\/history.u-klubi.com\/tiitlivoistlused\/index.php\/wp-json\/wp\/v2\/pages\/661","targetHints":{"allow":["GET"]}}],"collection":[{"href":"https:\/\/history.u-klubi.com\/tiitlivoistlused\/index.php\/wp-json\/wp\/v2\/pages"}],"about":[{"href":"https:\/\/history.u-klubi.com\/tiitlivoistlused\/index.php\/wp-json\/wp\/v2\/types\/page"}],"author":[{"embeddable":true,"href":"https:\/\/history.u-klubi.com\/tiitlivoistlused\/index.php\/wp-json\/wp\/v2\/users\/1"}],"replies":[{"embeddable":true,"href":"https:\/\/history.u-klubi.com\/tiitlivoistlused\/index.php\/wp-json\/wp\/v2\/comments?post=661"}],"version-history":[{"count":1,"href":"https:\/\/history.u-klubi.com\/tiitlivoistlused\/index.php\/wp-json\/wp\/v2\/pages\/661\/revisions"}],"predecessor-version":[{"id":663,"href":"https:\/\/history.u-klubi.com\/tiitlivoistlused\/index.php\/wp-json\/wp\/v2\/pages\/661\/revisions\/663"}],"wp:attachment":[{"href":"https:\/\/history.u-klubi.com\/tiitlivoistlused\/index.php\/wp-json\/wp\/v2\/media?parent=661"}],"curies":[{"name":"wp","href":"https:\/\/api.w.org\/{rel}","templated":true}]}}