{"id":652,"date":"2023-08-21T19:36:20","date_gmt":"2023-08-21T16:36:20","guid":{"rendered":"https:\/\/history.u-klubi.com\/tiitlivoistlused\/?page_id=652"},"modified":"2024-02-25T20:10:25","modified_gmt":"2024-02-25T17:10:25","slug":"2023-tulemused","status":"publish","type":"page","link":"https:\/\/history.u-klubi.com\/tiitlivoistlused\/index.php\/maailma-ja-euroopa-meistrivoistlused\/2023-tulemused\/","title":{"rendered":"2023 mastersite MM tulemused"},"content":{"rendered":"\n<p class=\"\">2. augustist kuni 11. augustini 2023 toimusid mastersite maailmameistriv\u00f5istlused Fukuokas, Kyushu saarel Jaapanis.<\/p>\n\n\n\n<p class=\"\">Eestist osalesid meisterujumise U-klubist Kaia Kulla, Aksel Luige, Olev Kooskora, Roman Tsalov ja Rinat Gilyazov, kes v\u00f5istles ka avaveeujumises.<\/p>\n\n\n\n<p class=\"\"><strong>MEDALID<\/strong><\/p>\n\n\n\n<p class=\"\"><strong>Rinat Giljazov (60-64)<\/strong><br>100 delf \u2013 1.12,29 (<strong>1. koht<\/strong>, 15 osav\u00f5tjat)<\/p>\n\n\n\n<p class=\"\"><strong>TULEMUSED<\/strong><\/p>\n\n\n\n<p class=\"\"><strong>Kaia Kulla (60-64)<\/strong><\/p>\n\n\n\n<p class=\"\">200 rin &#8211; 3.32,41 (4. koht, osav\u00f5tjaid 33)<br>100 rin &#8211; 1.34,35 (5. koht, osav\u00f5tjaid 46)<br>50 rin &#8211;  42,54 (9. koht, osav\u00f5tjaid 83)<\/p>\n\n\n\n<p class=\"\"><strong>Aksel Luige (70-74)<\/strong><\/p>\n\n\n\n<p class=\"\">100 rin &#8211; 1.42,32 (14. koht, osav\u00f5tjaid 30)<br>50 rin &#8211; 45,17 (15. koht, osav\u00f5tjaid 34)<br>200 rin &#8211; DNS<\/p>\n\n\n\n<p class=\"\"><strong>Rinat Gilyazov (60-64)<\/strong><\/p>\n\n\n\n<p class=\"\"> 400 vab &#8211; 5.15,35 (5. koht, osav\u00f5tjaid 22)<br>800 vabalt &#8211; 10.37,95 (6. koht, osav\u00f5tjaid 40)<br>200 delf &#8211; 2.47,43 (7. koht, osav\u00f5tjaid 17)<br>400 ko  &#8211; 6.00.98 (9. koht, osav\u00f5tjaid 25)<\/p>\n\n\n\n<p class=\"\"><strong>Olev Kooskora (60-64)<\/strong><\/p>\n\n\n\n<p class=\"\">100 rin &#8211; DSQ<\/p>\n\n\n\n<p class=\"\"><strong>Roman Tsalov (55-59)<\/strong><\/p>\n\n\n\n<p class=\"\">200 rin &#8211; 3.16,26 (16. koht, osav\u00f5tjaid 28)<br>50 rin &#8211; 38,09 (24. koht, osav\u00f5tjaid 62)<\/p>\n\n\n\n<p class=\"\">K\u00f5ik <a href=\"https:\/\/seikosports.com\/wmc2023\/\">tulemused<\/a>.<\/p>\n\n\n\n<p class=\"\">V\u00f5istlusp\u00e4evade salvestused leiab <a rel=\"noreferrer noopener\" href=\"https:\/\/www.youtube.com\/playlist?list=PLg25OJAWYpDIDYJmvT6ggpPpnMTLFJWi4\" data-type=\"link\" data-id=\"https:\/\/www.youtube.com\/playlist?list=PLg25OJAWYpDIDYJmvT6ggpPpnMTLFJWi4\" target=\"_blank\">siit<\/a>. <\/p>\n","protected":false},"excerpt":{"rendered":"<p>2. augustist kuni 11. augustini 2023 toimusid mastersite maailmameistriv\u00f5istlused Fukuokas, Kyushu saarel Jaapanis. Eestist osalesid meisterujumise U-klubist Kaia Kulla, Aksel Luige, Olev Kooskora, Roman Tsalov ja Rinat Gilyazov, kes v\u00f5istles ka avaveeujumises. MEDALID Rinat Giljazov (60-64)100 delf \u2013 1.12,29 (1. koht, 15 osav\u00f5tjat) TULEMUSED Kaia Kulla (60-64) 200 rin &#8211; 3.32,41 (4. koht, osav\u00f5tjaid 33)100 &hellip; <a href=\"https:\/\/history.u-klubi.com\/tiitlivoistlused\/index.php\/maailma-ja-euroopa-meistrivoistlused\/2023-tulemused\/\" class=\"more-link\">Loe edasi<span class=\"screen-reader-text\"> &#8220;2023 mastersite MM tulemused&#8221;<\/span><\/a><\/p>\n","protected":false},"author":1,"featured_media":0,"parent":2,"menu_order":0,"comment_status":"closed","ping_status":"closed","template":"","meta":{"nf_dc_page":"","om_disable_all_campaigns":false,"_monsterinsights_skip_tracking":false,"_monsterinsights_sitenote_active":false,"_monsterinsights_sitenote_note":"","_monsterinsights_sitenote_category":0,"jetpack_post_was_ever_published":false,"footnotes":""},"class_list":["post-652","page","type-page","status-publish","hentry"],"jetpack_sharing_enabled":true,"jetpack_shortlink":"https:\/\/wp.me\/P99gSf-aw","jetpack_likes_enabled":true,"jetpack-related-posts":[],"_links":{"self":[{"href":"https:\/\/history.u-klubi.com\/tiitlivoistlused\/index.php\/wp-json\/wp\/v2\/pages\/652","targetHints":{"allow":["GET"]}}],"collection":[{"href":"https:\/\/history.u-klubi.com\/tiitlivoistlused\/index.php\/wp-json\/wp\/v2\/pages"}],"about":[{"href":"https:\/\/history.u-klubi.com\/tiitlivoistlused\/index.php\/wp-json\/wp\/v2\/types\/page"}],"author":[{"embeddable":true,"href":"https:\/\/history.u-klubi.com\/tiitlivoistlused\/index.php\/wp-json\/wp\/v2\/users\/1"}],"replies":[{"embeddable":true,"href":"https:\/\/history.u-klubi.com\/tiitlivoistlused\/index.php\/wp-json\/wp\/v2\/comments?post=652"}],"version-history":[{"count":3,"href":"https:\/\/history.u-klubi.com\/tiitlivoistlused\/index.php\/wp-json\/wp\/v2\/pages\/652\/revisions"}],"predecessor-version":[{"id":664,"href":"https:\/\/history.u-klubi.com\/tiitlivoistlused\/index.php\/wp-json\/wp\/v2\/pages\/652\/revisions\/664"}],"up":[{"embeddable":true,"href":"https:\/\/history.u-klubi.com\/tiitlivoistlused\/index.php\/wp-json\/wp\/v2\/pages\/2"}],"wp:attachment":[{"href":"https:\/\/history.u-klubi.com\/tiitlivoistlused\/index.php\/wp-json\/wp\/v2\/media?parent=652"}],"curies":[{"name":"wp","href":"https:\/\/api.w.org\/{rel}","templated":true}]}}