{"id":547,"date":"2022-08-21T20:33:23","date_gmt":"2022-08-21T17:33:23","guid":{"rendered":"http:\/\/history.u-klubi.com\/tiitlivoistlused\/?page_id=547"},"modified":"2022-08-26T15:54:11","modified_gmt":"2022-08-26T12:54:11","slug":"2022-avaveeujumise-tulemused","status":"publish","type":"page","link":"https:\/\/history.u-klubi.com\/tiitlivoistlused\/index.php\/avaveeujumise-tiitlivoistlused\/2022-avaveeujumise-tulemused\/","title":{"rendered":"2022 avaveeujumise tulemused"},"content":{"rendered":"\n<p>Osav\u00f5tjate <a rel=\"noreferrer noopener\" href=\"https:\/\/roma2022masters.microplustimingservices.com\/export\/OW_ROMA2022\/OW\/pdf\/OWS_EntryList_1.0.pdf\" target=\"_blank\">nimekiri<\/a>.<\/p>\n\n\n\n<p>V\u00f5istluste j\u00e4lgimine reaalajas, vt <a href=\"https:\/\/roma2022masters.microplustimingservices.com\/indexRoma2022_web.php?sport=OpenWater\" target=\"_blank\" rel=\"noreferrer noopener\">siit<\/a>.<\/p>\n\n\n\n<p><strong>3 km<\/strong><\/p>\n\n\n\n<div class=\"wp-block-columns is-layout-flex wp-container-core-columns-is-layout-9d6595d7 wp-block-columns-is-layout-flex\">\n<div class=\"wp-block-column is-layout-flow wp-block-column-is-layout-flow\">\n<p>Eha Lilienthal (75-79)<br>1:11:53.9 (<strong><mark style=\"background-color:#ff675f\" class=\"has-inline-color has-dark-gray-color\">2. koht<\/mark><\/strong>, osav\u00f5tjaid 4)<\/p>\n\n\n\n<p>Tiia Brakmann (65-69)<br>1:04:38.9 (<strong>6. koht<\/strong>, osav\u00f5tjaid 10)<\/p>\n\n\n\n<p>Merle Vantsi (55-59)<br>46:09.8 (8. koht, osav\u00f5tjaid 24)<\/p>\n\n\n\n<p>Jaana Leht (45-49)<br>1:24:09.3 (30. koht, osav\u00f5tjaid 32)<\/p>\n\n\n\n<p>Kristiina Arusoo (40-44)<br>49:27.0 (8. koht, osav\u00f5tjaid 17) <\/p>\n<\/div>\n\n\n\n<div class=\"wp-block-column is-layout-flow wp-block-column-is-layout-flow\">\n<p>Lembit Laht (70-74)<br>56:33.5 (<strong>5. koht<\/strong>, osav\u00f5tjaid 10)<\/p>\n\n\n\n<p>Andrei Severdalkin (60-64)<br>1:01:39.1 (41. koht, osav\u00f5tjaid 45)<\/p>\n\n\n\n<p>Rinat Giljazov (60-64)<br>40:19.0 (7. koht, osav\u00f5tjaid 45)<\/p>\n\n\n\n<p><span style=\"text-decoration: underline;\">Viimsi Veeklubi<\/span><br>Romet Tepper (40-44)<br>46:18.3 (24. koht, osav\u00f5tjaid 30)<\/p>\n<\/div>\n<\/div>\n","protected":false},"excerpt":{"rendered":"<p>Osav\u00f5tjate nimekiri. V\u00f5istluste j\u00e4lgimine reaalajas, vt siit. 3 km Eha Lilienthal (75-79)1:11:53.9 (2. koht, osav\u00f5tjaid 4) Tiia Brakmann (65-69)1:04:38.9 (6. koht, osav\u00f5tjaid 10) Merle Vantsi (55-59)46:09.8 (8. koht, osav\u00f5tjaid 24) Jaana Leht (45-49)1:24:09.3 (30. koht, osav\u00f5tjaid 32) Kristiina Arusoo (40-44)49:27.0 (8. koht, osav\u00f5tjaid 17) Lembit Laht (70-74)56:33.5 (5. koht, osav\u00f5tjaid 10) Andrei Severdalkin (60-64)1:01:39.1 (41. &hellip; <a href=\"https:\/\/history.u-klubi.com\/tiitlivoistlused\/index.php\/avaveeujumise-tiitlivoistlused\/2022-avaveeujumise-tulemused\/\" class=\"more-link\">Loe edasi<span class=\"screen-reader-text\"> &#8220;2022 avaveeujumise tulemused&#8221;<\/span><\/a><\/p>\n","protected":false},"author":1,"featured_media":0,"parent":70,"menu_order":0,"comment_status":"closed","ping_status":"closed","template":"","meta":{"nf_dc_page":"","om_disable_all_campaigns":false,"_monsterinsights_skip_tracking":false,"_monsterinsights_sitenote_active":false,"_monsterinsights_sitenote_note":"","_monsterinsights_sitenote_category":0,"jetpack_post_was_ever_published":false,"footnotes":""},"class_list":["post-547","page","type-page","status-publish","hentry"],"jetpack_sharing_enabled":true,"jetpack_shortlink":"https:\/\/wp.me\/P99gSf-8P","jetpack_likes_enabled":true,"jetpack-related-posts":[],"_links":{"self":[{"href":"https:\/\/history.u-klubi.com\/tiitlivoistlused\/index.php\/wp-json\/wp\/v2\/pages\/547","targetHints":{"allow":["GET"]}}],"collection":[{"href":"https:\/\/history.u-klubi.com\/tiitlivoistlused\/index.php\/wp-json\/wp\/v2\/pages"}],"about":[{"href":"https:\/\/history.u-klubi.com\/tiitlivoistlused\/index.php\/wp-json\/wp\/v2\/types\/page"}],"author":[{"embeddable":true,"href":"https:\/\/history.u-klubi.com\/tiitlivoistlused\/index.php\/wp-json\/wp\/v2\/users\/1"}],"replies":[{"embeddable":true,"href":"https:\/\/history.u-klubi.com\/tiitlivoistlused\/index.php\/wp-json\/wp\/v2\/comments?post=547"}],"version-history":[{"count":7,"href":"https:\/\/history.u-klubi.com\/tiitlivoistlused\/index.php\/wp-json\/wp\/v2\/pages\/547\/revisions"}],"predecessor-version":[{"id":587,"href":"https:\/\/history.u-klubi.com\/tiitlivoistlused\/index.php\/wp-json\/wp\/v2\/pages\/547\/revisions\/587"}],"up":[{"embeddable":true,"href":"https:\/\/history.u-klubi.com\/tiitlivoistlused\/index.php\/wp-json\/wp\/v2\/pages\/70"}],"wp:attachment":[{"href":"https:\/\/history.u-klubi.com\/tiitlivoistlused\/index.php\/wp-json\/wp\/v2\/media?parent=547"}],"curies":[{"name":"wp","href":"https:\/\/api.w.org\/{rel}","templated":true}]}}