{"id":543,"date":"2022-08-21T20:31:09","date_gmt":"2022-08-21T17:31:09","guid":{"rendered":"http:\/\/history.u-klubi.com\/tiitlivoistlused\/?page_id=543"},"modified":"2022-09-09T19:17:13","modified_gmt":"2022-09-09T16:17:13","slug":"2022-tulemused","status":"publish","type":"page","link":"https:\/\/history.u-klubi.com\/tiitlivoistlused\/index.php\/maailma-ja-euroopa-meistrivoistlused\/2022-tulemused\/","title":{"rendered":"2022 tulemused"},"content":{"rendered":"\n<p>24. augustist kuni 4. septembrini 2022, p\u00e4rast kolme v\u00f5istluste vaest aastat, toimusid tiitliv\u00f5istlused Roomas, seekord siis meisterujumise Euroopa meistriv\u00f5istlused.<\/p>\n\n\n\n<p>Eestist osales  12  naist ja 13 meest kolmest klubist &#8211; Meisterujumise U-klubist, ujumisklubist Briis ja P\u00e4rnu UCA-st. <\/p>\n\n\n\n<p><a rel=\"noreferrer noopener\" href=\"https:\/\/history.u-klubi.com\/tiitlivoistlused\/?page_id=547\" target=\"_blank\">Avavette<\/a> l\u00e4ksid 3 km ujuma 5 naist ja 4 meest ning nende seas oli esindatud ka Viimsi Veeklubi.<\/p>\n\n\n\n<p>Osalejate <a rel=\"noreferrer noopener\" href=\"https:\/\/roma2022masters.microplustimingservices.com\/export\/NU_ROMA2022\/NU\/pdf\/SWM_EntryList_1.0.pdf\" target=\"_blank\">nimekiri<\/a>.<\/p>\n\n\n\n<p>Seekordsed Euroopa meistriv\u00f5istlused olid U-klubile v\u00e4ga edukad, sest lisaks kahele individuaalsele medalile oli 19 individuaalselt ja 5 teateujumises esikuuiku kohta. <\/p>\n\n\n\n<p><strong>MEDALID<\/strong><\/p>\n\n\n\n<p><strong>Rinat Giljazov (60-64)<\/strong><br>200 delf &#8211; 2.51,54 (<strong>1. koht<\/strong>. koht, 8 osav\u00f5tjat)<\/p>\n\n\n\n<p><strong>Lembit Laht (70-74)<\/strong><br>200 delf &#8211; 4.19,94 (<strong>3. koht<\/strong>, 3 osav\u00f5tjat)<\/p>\n\n\n\n<div class=\"wp-block-columns is-layout-flex wp-container-core-columns-is-layout-9d6595d7 wp-block-columns-is-layout-flex\">\n<div class=\"wp-block-column is-layout-flow wp-block-column-is-layout-flow\">\n<p><span style=\"text-decoration: underline;\"><strong>Meisterujumise U-klubist<\/strong><\/span><br><strong>NAISED<\/strong><\/p>\n\n\n\n<p><strong>Sirje Voolmaa (65-69)<\/strong><br>100 rin &#8211; 2.00,17  (6. koht, 10 osav\u00f5tjat)<br>200 rin &#8211; 4.14,99 (4. koht, 5 osav\u00f5tjat)<\/p>\n\n\n\n<p><strong>Kaia Kulla (60-64)<\/strong><br>50 rin &#8211; 42,40 (6. koht, 24 osav\u00f5tjat)<br>100 rin &#8211; 1.35,18  (4. koht, 24 osav\u00f5tjat)<br>200 rin &#8211; 3.28,85 (4. koht, 17 osav\u00f5tjat)<\/p>\n\n\n\n<p><strong>Merle Vantsi (55-59)<\/strong><br>200 sel &#8211; 3.02,04 (5. koht, 14 osav\u00f5tjat)<br>200 ko &#8211; 3.07, 54 (7. koht, 18 osav\u00f5tjat)<br>400 ko &#8211; 6.40,29 (4. koht, 11 osav\u00f5tjat)<\/p>\n\n\n\n<p><strong>Anu Sakala (55-59)<\/strong><br>50 rin &#8211; 50,10 (21. koht, 26 osav\u00f5tjat)<br>100 rin &#8211; NT (31 osav\u00f5tjat)<\/p>\n\n\n\n<p><strong>Galina P\u00f5rh (55-59)<\/strong><br>50 delf &#8211; NT (23 osav\u00f5tjat)<\/p>\n\n\n\n<p><strong>Eve Virkkunen (50-54)<\/strong><br>50 vab &#8211; 30,74 (9. koht, 48 osav\u00f5tjat)<br>50 sel &#8211; 36,37 (5. koht, 31 osav\u00f5tjat) <br>50 delf &#8211; 33,37 (6. koht, 23 osav\u00f5tjat)<\/p>\n\n\n\n<p><strong>Eili Paap (45-49)<\/strong><br>100 sel  &#8211; 1.21,60 (9. koht, 19 osav\u00f5tjat)<br>200 sel &#8211; 2.57,59 (8. koht, 13 osav\u00f5tjat)<\/p>\n\n\n\n<p><strong>Kristiina Arusoo (40-44)<\/strong><br>50 delf &#8211; 33,51 (10. koht, 17 osav\u00f5tjat)<br>100 delf &#8211; 1.18,74 (6. koht, 9 osav\u00f5tjat)<br>200 delf &#8211; 3.09,96 (6. koht, 9 osav\u00f5tjat)<\/p>\n\n\n\n<p><strong><span style=\"text-decoration: underline;\">Ujumisklubi BRIIS<\/span><\/strong><\/p>\n\n\n\n<p><strong>Marileen Vierland (30-34)<\/strong><br>100 rin &#8211; 1.27,20 (16. koht, 29 osav\u00f5tjat)<br>200 ko &#8211; 2.55,47 (10. koht, 12 osav\u00f5tjat)<\/p>\n<\/div>\n\n\n\n<div class=\"wp-block-column is-layout-flow wp-block-column-is-layout-flow\">\n<p><br><strong>MEHED<\/strong><\/p>\n\n\n\n<p><strong>Aksel Luige (70-74)<\/strong><br>50 rin &#8211; 43,73 (6. koht, 10 osav\u00f5tjat)<br>100 rin &#8211; 1.40,03 (8. koht, 11 osav\u00f5tjat)<\/p>\n\n\n\n<p><strong>Lembit Laht (70-74)<\/strong><br>400 ko &#8211; 7.40,74 (5. koht, 8 osav\u00f5tjat)<\/p>\n\n\n\n<p><strong>Aleksandr Bati\u0161t\u0161ev (65-69)<\/strong><br>100 rin &#8211; 1.30,03  (5. koht, 18 osav\u00f5tjat)<\/p>\n\n\n\n<p><strong>Peep Kesk\u00fcla (65-69)<\/strong><br>50 sel &#8211; 39,80 (6. koht, 12 osav\u00f5tjat)<br>50 delf &#8211; 34,95 (5. koht, 16 osav\u00f5tjat)<br>50 rin &#8211; 41,93 (9. koht, 25 osav\u00f5tjat)<\/p>\n\n\n\n<p><strong>Toomas Haggi (65-69)<\/strong><br>200 sel  &#8211; 3.07,60 (4. koht, 10 osav\u00f5tjat)<br>100 rin &#8211; 1.30,34  (9. koht, 18 osav\u00f5tjat)<br>200 rin &#8211; 3.30,39 (8. koht, 17 osav\u00f5tjat)<\/p>\n\n\n\n<p><strong>Ossi Vallemaa (65-69)<\/strong><br>50 rin &#8211; 44,10 (15. koht, 25 osav\u00f5tjat)<br>100 rin  &#8211; 1.44,04 (14. koht, 18 osav\u00f5tjat)<br>200 rin &#8211; 3.49,40 (13. koht, 17 osav\u00f5tjat)<\/p>\n\n\n\n<p><strong>Rinat Giljazov (60-64)<\/strong><br>800 vab &#8211; 10.36,57 (7. koht, 24 osav\u00f5tjat)<br>400 ko &#8211; 5.57,79 (4. koht, 8 osav\u00f5tjat)<\/p>\n\n\n\n<p><strong>Roman<\/strong> <strong>Tsalov<\/strong> (55-59)<br>50 rin &#8211; 37,90 (15. koht, 39 osav\u00f5tjat)<br>100 rin &#8211; 1.25,01 (9. koht, 19 osav\u00f5tjat)<br>200 rin &#8211; 3.13,61 (7. koht, 18 osav\u00f5tjat)<\/p>\n\n\n\n<p><strong>Aleksandr Fedotov (40-44)<\/strong><br>50 rin &#8211; 32,30 (9. koht, 34 osav\u00f5tjat)<br>100 rin &#8211; 1.13,09 (5. koht, 23 osav\u00f5tjat)<\/p>\n\n\n\n<p><strong><span style=\"text-decoration: underline;\">P\u00e4rnu UCA<\/span><\/strong><\/p>\n\n\n\n<p><strong>Karpo Korotko (35-39)<\/strong><br>50 delf &#8211; 31,05 (26. koht, 34 osav\u00f5tjat)<br>50 vab -ABS (ei startinud)<\/p>\n<\/div>\n<\/div>\n\n\n\n<div class=\"wp-block-columns is-layout-flex wp-container-core-columns-is-layout-9d6595d7 wp-block-columns-is-layout-flex\">\n<div class=\"wp-block-column is-layout-flow wp-block-column-is-layout-flow\">\n<p><strong>TEATEUJUMISED<\/strong><\/p>\n\n\n\n<p><strong>Mehed 4&#215;50 kombineeritud<\/strong> (4. koht, 8 meeskonda)<br>U-Klubi 240 () &#8211; 2.33,39<br>Peep Kesk\u00fcla &#8211; selili &#8211; 38,90<br>Aksel Luige  &#8211; rinnuli &#8211; 43,78<br>Aleksandr Bati\u0161t\u0161ev &#8211; delfiin &#8211; 35,40<br>Lembit Laht &#8211; vabalt &#8211; 45,31<br><br><strong>Naised 4&#215;50 kombineeritud<\/strong> 200-239 (6. koht, 13 naiskonda)<br>U-Klubi 200 N (202) &#8211; 2.22,72<br>Eili Paap &#8211; selili &#8211; 37,32<br>Kaia Kulla &#8211; rinnuli &#8211; 42,12<br>Kristiina Arusoo &#8211; delfiin &#8211; 32,34<br>Eve Virkkunen &#8211; vabalt &#8211; 30,94<br><br><strong>03.09. laup\u00e4ev<\/strong><br><strong>Naised 4&#215;50 vabalt<\/strong> 200-239 (6. koht, 14 naiskonda)<br>U-Klubi 200 N (212) &#8211; 2.12,22<br>Kristiina Arusoo &#8211; 31,48<br>Merle Vantsi &#8211; 34,18<br>Kaia Kulla -34,58<br>Eve Virkkunen &#8211; 30,98<br><br><strong>MIX 4&#215;50 kombineeritud<\/strong> (6. koht, 12 v\u00f5istkonda)<br>U-Klubi 240 (243) &#8211; 2.22,28<br>Eve Virkkunen &#8211; selili &#8211; 36,24<br>Kaia Kulla &#8211; rinnuli &#8211; 42,00<br>Rinat Gilyazov &#8211; delfiin &#8211; 32,55<br>Peep Kesk\u00fcla &#8211; vabalt &#8211; 31,49<br><br><strong>MIX 4&#215;50 vabalt<\/strong> (8. koht, 12 v\u00f5istkonda)<br>U-Klubi 240 (241) &#8211; 2.05,40<br>Peep Kesk\u00fcla &#8211; 31,83<br>Merle Vantsi &#8211; 33,27<br>Eve Virkkunen &#8211; 30,87<br>Toomas Haggi &#8211; 29,43<br><\/p>\n\n\n\n<p><strong>01.09. neljap\u00e4ev<\/strong><br><strong>Mehed 4&#215;50 kombineeritud<\/strong> &#8211; 280-319 (4. koht, 7 meeskonda)<br>U-Klubi 280 (283) &#8211; 2.33,39<br>Peep Kesk\u00fcla &#8211; selili &#8211; 38,90<br>Aksel Luige &#8211; rinnuli -43,78<br>Aleksandr Bati\u0161t\u0161ev &#8211; delfiin &#8211; 35,40<br>Lembit Laht &#8211; vabalt &#8211; 35,31<\/p>\n<\/div>\n<\/div>\n\n\n\n<p>K\u00f5iki tulemusi n\u00e4eb <strong><a rel=\"noreferrer noopener\" href=\"https:\/\/roma2022masters.microplustimingservices.com\/indexRoma2022_web.php\" target=\"_blank\">siit<\/a><\/strong> (<a rel=\"noreferrer noopener\" href=\"https:\/\/roma2022masters.microplustimingservices.com\/indexRoma2022_web.php?s=TG9hZFJlcG9ydFBERih0cnVlKTs=&amp;cat=&amp;page=&amp;spec=&amp;bat=&amp;td=CAL_CIS_DAY&amp;hg=&amp;descIT=&amp;descEN=&amp;descFR=&amp;curCatSel_M_F=&amp;sport=Swimming\" target=\"_blank\">pdf-failidena<\/a>).<\/p>\n\n\n\n<p>V\u00f5istluste <a href=\"https:\/\/www.roma2022.eu\/\" target=\"_blank\" rel=\"noreferrer noopener\">koduleht<\/a>.<\/p>\n","protected":false},"excerpt":{"rendered":"<p>24. augustist kuni 4. septembrini 2022, p\u00e4rast kolme v\u00f5istluste vaest aastat, toimusid tiitliv\u00f5istlused Roomas, seekord siis meisterujumise Euroopa meistriv\u00f5istlused. Eestist osales 12 naist ja 13 meest kolmest klubist &#8211; Meisterujumise U-klubist, ujumisklubist Briis ja P\u00e4rnu UCA-st. Avavette l\u00e4ksid 3 km ujuma 5 naist ja 4 meest ning nende seas oli esindatud ka Viimsi Veeklubi. Osalejate &hellip; <a href=\"https:\/\/history.u-klubi.com\/tiitlivoistlused\/index.php\/maailma-ja-euroopa-meistrivoistlused\/2022-tulemused\/\" class=\"more-link\">Loe edasi<span class=\"screen-reader-text\"> &#8220;2022 tulemused&#8221;<\/span><\/a><\/p>\n","protected":false},"author":1,"featured_media":0,"parent":2,"menu_order":0,"comment_status":"closed","ping_status":"closed","template":"","meta":{"nf_dc_page":"","om_disable_all_campaigns":false,"_monsterinsights_skip_tracking":false,"_monsterinsights_sitenote_active":false,"_monsterinsights_sitenote_note":"","_monsterinsights_sitenote_category":0,"jetpack_post_was_ever_published":false,"footnotes":""},"class_list":["post-543","page","type-page","status-publish","hentry"],"jetpack_sharing_enabled":true,"jetpack_shortlink":"https:\/\/wp.me\/P99gSf-8L","jetpack_likes_enabled":true,"jetpack-related-posts":[],"_links":{"self":[{"href":"https:\/\/history.u-klubi.com\/tiitlivoistlused\/index.php\/wp-json\/wp\/v2\/pages\/543","targetHints":{"allow":["GET"]}}],"collection":[{"href":"https:\/\/history.u-klubi.com\/tiitlivoistlused\/index.php\/wp-json\/wp\/v2\/pages"}],"about":[{"href":"https:\/\/history.u-klubi.com\/tiitlivoistlused\/index.php\/wp-json\/wp\/v2\/types\/page"}],"author":[{"embeddable":true,"href":"https:\/\/history.u-klubi.com\/tiitlivoistlused\/index.php\/wp-json\/wp\/v2\/users\/1"}],"replies":[{"embeddable":true,"href":"https:\/\/history.u-klubi.com\/tiitlivoistlused\/index.php\/wp-json\/wp\/v2\/comments?post=543"}],"version-history":[{"count":22,"href":"https:\/\/history.u-klubi.com\/tiitlivoistlused\/index.php\/wp-json\/wp\/v2\/pages\/543\/revisions"}],"predecessor-version":[{"id":648,"href":"https:\/\/history.u-klubi.com\/tiitlivoistlused\/index.php\/wp-json\/wp\/v2\/pages\/543\/revisions\/648"}],"up":[{"embeddable":true,"href":"https:\/\/history.u-klubi.com\/tiitlivoistlused\/index.php\/wp-json\/wp\/v2\/pages\/2"}],"wp:attachment":[{"href":"https:\/\/history.u-klubi.com\/tiitlivoistlused\/index.php\/wp-json\/wp\/v2\/media?parent=543"}],"curies":[{"name":"wp","href":"https:\/\/api.w.org\/{rel}","templated":true}]}}