{"id":478,"date":"2019-08-03T20:30:26","date_gmt":"2019-08-03T17:30:26","guid":{"rendered":"http:\/\/history.u-klubi.com\/tiitlivoistlused\/?page_id=478"},"modified":"2019-08-27T07:36:09","modified_gmt":"2019-08-27T04:36:09","slug":"2019-tulemused","status":"publish","type":"page","link":"https:\/\/history.u-klubi.com\/tiitlivoistlused\/index.php\/maailma-ja-euroopa-meistrivoistlused\/2019-tulemused\/","title":{"rendered":"2019 tulemused"},"content":{"rendered":"\n<p>12.-18. augustil 2019 toimub meisterujumise MM L\u00f5una-Koreas Gwangju&#8217;s. V\u00f5istlused toimuvad <a rel=\"noreferrer noopener\" aria-label=\"Nambu \u00dclikooli munitsipaalveekeskuses (avatakse uues sakis)\" href=\"https:\/\/www.fina-gwangju2019.com\/masters_eng\/contentsView.do?pageId=masters_eng31&amp;sn=1\" target=\"_blank\">Nambu \u00dclikooli ujumiskeskuses<\/a>.<\/p>\n\n\n\n<p>U-klubist on individuaaldistantsidel stardis 4 naist ja 6 meest.<\/p>\n\n\n\n<p>Naistest v\u00f5istlevad Eha Lilienthal (70-74), Kaia Kulla (55-59), Merle Vantsi (50-54) ja Galina P\u00f5rh (50-54). Teateujumise v\u00f5istkonnas stardib ka Tiia Brakmann (60-64). Nii Eha, Merle kui  ka Tiia stardivad ka avaveeujumise 3 km distantsil.<\/p>\n\n\n\n<p>Meestest astuvad v\u00f5istlustulle Aksel Luige (70-74), Ossi Vallemaa (65-69), Olev Kooskora (55-59), Aleksandr Kr\u00f5lov (55-59), Oleg Lukonenko (55-59) ja  Roman T\u0161alov (50-54). <\/p>\n\n\n\n<p>Medaleid jagatakse individuaaldistantsidel esimesele kuuele &#8211; 1.-3. koht suur medal ja 4.-5. kohta v\u00e4ike medal. Teateujumistes saavad p\u00e4rjatud samuti kuus parimat.<\/p>\n\n\n\n<p><strong>MEDALID<\/strong><\/p>\n\n\n\n<p><strong>Kaia Kulla<\/strong><br>50 rinnuli &#8211; 41,39 (<strong>2. koht<\/strong> \/ 21 osav\u00f5tjat)<br>100 rinnuli &#8211; 1.32,01 (<strong>3. koht<\/strong> \/ 27 osav\u00f5tjat)<br>200 rinnuli &#8211; 3.25,34 (<strong>4. koht<\/strong> \/ 19 osav\u00f5tjat)<\/p>\n\n\n\n<p><strong>Merle Vantsi<\/strong><br>200 kompleksi &#8211; 2.57,67 (<strong>6. koht<\/strong> \/ 16 osav\u00f5tjat)<br>400 kompleksi &#8211; 6.19,81 (<strong>6. koht <\/strong>\/ 18 osav\u00f5tjat)<\/p>\n\n\n\n<p><strong>Aksel Luige<\/strong><br>50 rinnuli &#8211; 41,12 (<strong>3. koht<\/strong> \/ 17 osav\u00f5tjat)<br>100 rinnuli &#8211; 1.33,45 (<strong>3. koht<\/strong> \/ 18 osav\u00f5tjat)<\/p>\n\n\n\n<p><strong>TEATEUJUMISED<\/strong><\/p>\n\n\n\n<p>4&#215;50 vabalt, naised (240-279) &#8211; 2.29,81 (<strong>4. koht<\/strong> \/ osav\u00f5tjaid 7 naiskonda)<br>Kaia Kulla 34,71<br>Tiia Brakmann 41,51<br>Eha Lilienthal 40,96<br>Merle Vantsi 32,63<\/p>\n\n\n\n<p>4&#215;50 kombineeritud, naised (240-279) &#8211; 2.49,27 (<strong>5. koh<\/strong>t \/ osav\u00f5tjaid 7 naiskonda)<br>Tiia Brakmann, selili &#8211; 49,27<br>Kaia Kulla, rinnuli &#8211; 42,03<br>Merle Vantsi, liblikat &#8211; 36,62<br>Eha Lilienthal, vabalt &#8211; 41,35<\/p>\n\n\n\n<p>4&#215;50 kombineeritud, sega (240-279) &#8211; 2.29,89 (5. koht \/ osav\u00f5tjaid 10 v\u00f5istkonda)<br>Merle Vantsi, selili &#8211; 38,30<br>Aksel Luige, rinnuli &#8211; 40,12<br>Igor Lukonenko, liblikat &#8211; 31,11<br>Eha Lilienthal, vabalt &#8211; 40,36<\/p>\n\n\n\n<p><strong>TULEMUSED<\/strong><\/p>\n\n\n\n<p><strong>Eha Lilienthal<\/strong><br>50 vabalt &#8211; 41,75 (7. koht \/ 19 osav\u00f5tjat)<\/p>\n\n\n\n<p><strong>Merle Vantsi<\/strong><br>200 selili &#8211; 2.59,37 (7. koht \/ 20 osav\u00f5tjat)<\/p>\n\n\n\n<p><strong>Galina P\u00f5rh<\/strong><br>50 liblikat &#8211; 47,14 (19. koht \/ 21 osav\u00f5tjat)<br>100 liblikat &#8211; NT (protokolli aega ei saa, sest \u00fcletatud etteantud ajalimiiti) <\/p>\n\n\n\n<p><strong>Ossi Vallemaa<\/strong><br>50 vabalt &#8211; 35,32 (28. koht \/ 38 osav\u00f5tjat)<br>50 rinnuli &#8211; 42,16 (13. koht \/ 20 osav\u00f5tjat)<br>100 rinnuli &#8211; 1.39,16 (13. koht \/ 20 osav\u00f5tjat)<br>200 rinnuli &#8211; 3.41,86 (10. koht \/ 13 osav\u00f5tjat)<\/p>\n\n\n\n<p><strong>Aleksandr Kr\u00f5lov<\/strong><br>50 vabalt &#8211; 29,41 (17. koht \/ 63 osav\u00f5tat)<br>100 vabalt &#8211; 1.05,88 (13. koht \/ 47 osav\u00f5tjat)<br>200 vabalt &#8211; 2.29,25 (17. koht \/ 31 osav\u00f5tjat)<\/p>\n\n\n\n<p><strong>Olev Kooskora<\/strong><br>100 rinnuli &#8211; DSQ (diskvalifitseeritud vale ujumisstiili kasutamise t\u00f5ttu)<\/p>\n\n\n\n<p><strong>Igor Lukonenko<\/strong><br>50 liblikat &#8211; 32,67 ( 19. koht \/ 48 osav\u00f5tjat)<\/p>\n\n\n\n<p><strong>Roman T\u0161alov<\/strong><br>50 rinnuli &#8211; 37,26 (19. koht \/ 36 osav\u00f5tjat)<br>100 rinnuli &#8211; 1.24,26 (18. koht \/ 32 osav\u00f5tjat)<br>200 rinnuli &#8211; 3.08,38 (15. koht \/ 27 osav\u00f5tjat)<\/p>\n\n\n\n<p>K\u00f5ik <a rel=\"noreferrer noopener\" aria-label=\"tulemused (avatakse uues sakis)\" href=\"http:\/\/wmc2019.microplustiming.com\/swimming\/index_web.php\" target=\"_blank\">tulemused<\/a> (veeb), <a href=\"http:\/\/84.33.9.4\/MasterKorea2019\/swimming\/export\/Korea\/NU\/pdf\/SW_Results.pdf?rnd=0.6670843349738462\" target=\"_blank\" rel=\"noreferrer noopener\" aria-label=\"pdf (avatakse uues sakis)\">pdf<\/a>.<\/p>\n\n\n\n<p>L\u00f5petamiselt v\u00e4ike <a href=\"https:\/\/www.facebook.com\/fina.gwangju2019\/videos\/296817691154650\/\">meenutus<\/a>.<\/p>\n","protected":false},"excerpt":{"rendered":"<p>12.-18. augustil 2019 toimub meisterujumise MM L\u00f5una-Koreas Gwangju&#8217;s. V\u00f5istlused toimuvad Nambu \u00dclikooli ujumiskeskuses. U-klubist on individuaaldistantsidel stardis 4 naist ja 6 meest. Naistest v\u00f5istlevad Eha Lilienthal (70-74), Kaia Kulla (55-59), Merle Vantsi (50-54) ja Galina P\u00f5rh (50-54). Teateujumise v\u00f5istkonnas stardib ka Tiia Brakmann (60-64). Nii Eha, Merle kui ka Tiia stardivad ka avaveeujumise 3 km &hellip; <a href=\"https:\/\/history.u-klubi.com\/tiitlivoistlused\/index.php\/maailma-ja-euroopa-meistrivoistlused\/2019-tulemused\/\" class=\"more-link\">Loe edasi<span class=\"screen-reader-text\"> &#8220;2019 tulemused&#8221;<\/span><\/a><\/p>\n","protected":false},"author":1,"featured_media":0,"parent":2,"menu_order":0,"comment_status":"closed","ping_status":"closed","template":"","meta":{"nf_dc_page":"","om_disable_all_campaigns":false,"_monsterinsights_skip_tracking":false,"_monsterinsights_sitenote_active":false,"_monsterinsights_sitenote_note":"","_monsterinsights_sitenote_category":0,"jetpack_post_was_ever_published":false,"footnotes":""},"class_list":["post-478","page","type-page","status-publish","hentry"],"jetpack_sharing_enabled":true,"jetpack_shortlink":"https:\/\/wp.me\/P99gSf-7I","jetpack_likes_enabled":true,"jetpack-related-posts":[],"_links":{"self":[{"href":"https:\/\/history.u-klubi.com\/tiitlivoistlused\/index.php\/wp-json\/wp\/v2\/pages\/478","targetHints":{"allow":["GET"]}}],"collection":[{"href":"https:\/\/history.u-klubi.com\/tiitlivoistlused\/index.php\/wp-json\/wp\/v2\/pages"}],"about":[{"href":"https:\/\/history.u-klubi.com\/tiitlivoistlused\/index.php\/wp-json\/wp\/v2\/types\/page"}],"author":[{"embeddable":true,"href":"https:\/\/history.u-klubi.com\/tiitlivoistlused\/index.php\/wp-json\/wp\/v2\/users\/1"}],"replies":[{"embeddable":true,"href":"https:\/\/history.u-klubi.com\/tiitlivoistlused\/index.php\/wp-json\/wp\/v2\/comments?post=478"}],"version-history":[{"count":5,"href":"https:\/\/history.u-klubi.com\/tiitlivoistlused\/index.php\/wp-json\/wp\/v2\/pages\/478\/revisions"}],"predecessor-version":[{"id":526,"href":"https:\/\/history.u-klubi.com\/tiitlivoistlused\/index.php\/wp-json\/wp\/v2\/pages\/478\/revisions\/526"}],"up":[{"embeddable":true,"href":"https:\/\/history.u-klubi.com\/tiitlivoistlused\/index.php\/wp-json\/wp\/v2\/pages\/2"}],"wp:attachment":[{"href":"https:\/\/history.u-klubi.com\/tiitlivoistlused\/index.php\/wp-json\/wp\/v2\/media?parent=478"}],"curies":[{"name":"wp","href":"https:\/\/api.w.org\/{rel}","templated":true}]}}