{"id":475,"date":"2019-08-03T19:21:17","date_gmt":"2019-08-03T16:21:17","guid":{"rendered":"http:\/\/history.u-klubi.com\/tiitlivoistlused\/?page_id=475"},"modified":"2019-08-27T07:02:54","modified_gmt":"2019-08-27T04:02:54","slug":"2019-avaveeujumise-tulemused","status":"publish","type":"page","link":"https:\/\/history.u-klubi.com\/tiitlivoistlused\/index.php\/avaveeujumise-tiitlivoistlused\/2019-avaveeujumise-tulemused\/","title":{"rendered":"2019 avaveeujumise tulemused"},"content":{"rendered":"\n<p>10.-11. augustil 2019 toimub avaveeujumise MM L\u00f5una-Koreas Yeosu&#8217;s <a rel=\"noreferrer noopener\" aria-label=\"EXPO Ocean Park (avatakse uues sakis)\" href=\"https:\/\/www.fina-gwangju2019.com\/masters_eng\/contentsView.do?pageId=masters_eng35&amp;sn=5\" target=\"_blank\">EXPO Ocean Park<\/a>&#8216;is, kus ujutakse kaks 1,5 kilomeetrist ringi, kokku <strong>3 km<\/strong>.<\/p>\n\n\n\n<figure class=\"wp-block-image\"><img data-recalc-dims=\"1\" loading=\"lazy\" decoding=\"async\" width=\"840\" height=\"630\" data-attachment-id=\"485\" data-permalink=\"https:\/\/history.u-klubi.com\/tiitlivoistlused\/index.php\/avaveeujumise-tiitlivoistlused\/2019-avaveeujumise-tulemused\/3km-yeosu\/\" data-orig-file=\"https:\/\/i0.wp.com\/history.u-klubi.com\/tiitlivoistlused\/wp-content\/uploads\/2019\/08\/3km-Yeosu.jpg?fit=960%2C720&amp;ssl=1\" data-orig-size=\"960,720\" data-comments-opened=\"1\" data-image-meta=\"{&quot;aperture&quot;:&quot;0&quot;,&quot;credit&quot;:&quot;&quot;,&quot;camera&quot;:&quot;&quot;,&quot;caption&quot;:&quot;&quot;,&quot;created_timestamp&quot;:&quot;0&quot;,&quot;copyright&quot;:&quot;&quot;,&quot;focal_length&quot;:&quot;0&quot;,&quot;iso&quot;:&quot;0&quot;,&quot;shutter_speed&quot;:&quot;0&quot;,&quot;title&quot;:&quot;&quot;,&quot;orientation&quot;:&quot;0&quot;}\" data-image-title=\"3km-Yeosu\" data-image-description=\"\" data-image-caption=\"\" data-large-file=\"https:\/\/i0.wp.com\/history.u-klubi.com\/tiitlivoistlused\/wp-content\/uploads\/2019\/08\/3km-Yeosu.jpg?fit=840%2C630&amp;ssl=1\" src=\"https:\/\/i0.wp.com\/history.u-klubi.com\/tiitlivoistlused\/wp-content\/uploads\/2019\/08\/3km-Yeosu.jpg?resize=840%2C630&#038;ssl=1\" alt=\"\" class=\"wp-image-485\" srcset=\"https:\/\/i0.wp.com\/history.u-klubi.com\/tiitlivoistlused\/wp-content\/uploads\/2019\/08\/3km-Yeosu.jpg?w=960&amp;ssl=1 960w, https:\/\/i0.wp.com\/history.u-klubi.com\/tiitlivoistlused\/wp-content\/uploads\/2019\/08\/3km-Yeosu.jpg?resize=300%2C225&amp;ssl=1 300w, https:\/\/i0.wp.com\/history.u-klubi.com\/tiitlivoistlused\/wp-content\/uploads\/2019\/08\/3km-Yeosu.jpg?resize=768%2C576&amp;ssl=1 768w\" sizes=\"auto, (max-width: 709px) 85vw, (max-width: 909px) 67vw, (max-width: 1362px) 62vw, 840px\" \/><\/figure>\n\n\n\n<p>U-klubilastest on startimas <strong>Eha Lilienthal<\/strong> (70-74), <strong>Tiia Brakmann<\/strong> (60-64), <strong>Merle Vantsi<\/strong> (50-54) ja <strong>Tiiu Liivamaa<\/strong> (50-54). Meestest on stardis Viimsi Veeklubi esindaja <strong>Romet Tepper<\/strong> (40-44).<\/p>\n\n\n\n<p><strong>MEDALID<\/strong><\/p>\n\n\n\n<p>Eha Lilienthal (70-74)  1:03.10,9 &#8211; <strong>2. koht<\/strong> (osav\u00f5tjaid 6)<\/p>\n\n\n\n<figure class=\"wp-block-image is-resized\"><img data-recalc-dims=\"1\" loading=\"lazy\" decoding=\"async\" data-attachment-id=\"522\" data-permalink=\"https:\/\/history.u-klubi.com\/tiitlivoistlused\/index.php\/avaveeujumise-tiitlivoistlused\/2019-avaveeujumise-tulemused\/eha-medal-avavesi\/\" data-orig-file=\"https:\/\/i0.wp.com\/history.u-klubi.com\/tiitlivoistlused\/wp-content\/uploads\/2019\/08\/Eha-medal-avavesi.jpg?fit=714%2C960&amp;ssl=1\" data-orig-size=\"714,960\" data-comments-opened=\"1\" data-image-meta=\"{&quot;aperture&quot;:&quot;0&quot;,&quot;credit&quot;:&quot;&quot;,&quot;camera&quot;:&quot;&quot;,&quot;caption&quot;:&quot;&quot;,&quot;created_timestamp&quot;:&quot;0&quot;,&quot;copyright&quot;:&quot;&quot;,&quot;focal_length&quot;:&quot;0&quot;,&quot;iso&quot;:&quot;0&quot;,&quot;shutter_speed&quot;:&quot;0&quot;,&quot;title&quot;:&quot;&quot;,&quot;orientation&quot;:&quot;0&quot;}\" data-image-title=\"Eha-medal-avavesi\" data-image-description=\"\" data-image-caption=\"\" data-large-file=\"https:\/\/i0.wp.com\/history.u-klubi.com\/tiitlivoistlused\/wp-content\/uploads\/2019\/08\/Eha-medal-avavesi.jpg?fit=714%2C960&amp;ssl=1\" src=\"https:\/\/i0.wp.com\/history.u-klubi.com\/tiitlivoistlused\/wp-content\/uploads\/2019\/08\/Eha-medal-avavesi.jpg?resize=346%2C465&#038;ssl=1\" alt=\"\" class=\"wp-image-522\" width=\"346\" height=\"465\" srcset=\"https:\/\/i0.wp.com\/history.u-klubi.com\/tiitlivoistlused\/wp-content\/uploads\/2019\/08\/Eha-medal-avavesi.jpg?w=714&amp;ssl=1 714w, https:\/\/i0.wp.com\/history.u-klubi.com\/tiitlivoistlused\/wp-content\/uploads\/2019\/08\/Eha-medal-avavesi.jpg?resize=223%2C300&amp;ssl=1 223w\" sizes=\"auto, (max-width: 346px) 85vw, 346px\" \/><figcaption>Eha v\u00f5idutrofeed<\/figcaption><\/figure>\n\n\n\n<p><\/p>\n\n\n\n<p><strong>TULEMUSED<\/strong><\/p>\n\n\n\n<p>Tiia Brakmann (60-64) 1:04.07,8 &#8211; 13. koht (osav\u00f5tjaid 20)<\/p>\n\n\n\n<p>Merle Vantsi (50-54) 46.07,1 &#8211; 9. koht (osav\u00f5tjaid 31)<\/p>\n\n\n\n<p>Tiiu Liivamaa (50-54) 1:19.09,1 &#8211; 31. koht (osav\u00f5tjaid 31)<\/p>\n\n\n\n<p><em>Romet Tepper ei osalenud v\u00f5istlustel t\u00f6istel p\u00f5hjustel.<\/em><\/p>\n\n\n\n<p>K\u00f5ik <a rel=\"noreferrer noopener\" aria-label=\"tulemused (avatakse uues sakis)\" href=\"http:\/\/wmc2019.microplustiming.com\/openwater\/index_web.php?s=TG9hZENhbGVuZGFyaW8oJzAnKTs=&amp;cat=&amp;page=&amp;spec=&amp;bat=&amp;td=&amp;hg=&amp;descIT=&amp;descEN=&amp;descFR=&amp;curCatSel_M_F=\" target=\"_blank\">tulemused<\/a>.<\/p>\n\n\n\n<p><\/p>\n","protected":false},"excerpt":{"rendered":"<p>10.-11. augustil 2019 toimub avaveeujumise MM L\u00f5una-Koreas Yeosu&#8217;s EXPO Ocean Park&#8216;is, kus ujutakse kaks 1,5 kilomeetrist ringi, kokku 3 km. U-klubilastest on startimas Eha Lilienthal (70-74), Tiia Brakmann (60-64), Merle Vantsi (50-54) ja Tiiu Liivamaa (50-54). Meestest on stardis Viimsi Veeklubi esindaja Romet Tepper (40-44). MEDALID Eha Lilienthal (70-74) 1:03.10,9 &#8211; 2. koht (osav\u00f5tjaid 6) &hellip; <a href=\"https:\/\/history.u-klubi.com\/tiitlivoistlused\/index.php\/avaveeujumise-tiitlivoistlused\/2019-avaveeujumise-tulemused\/\" class=\"more-link\">Loe edasi<span class=\"screen-reader-text\"> &#8220;2019 avaveeujumise tulemused&#8221;<\/span><\/a><\/p>\n","protected":false},"author":1,"featured_media":0,"parent":70,"menu_order":0,"comment_status":"closed","ping_status":"closed","template":"","meta":{"nf_dc_page":"","om_disable_all_campaigns":false,"_monsterinsights_skip_tracking":false,"_monsterinsights_sitenote_active":false,"_monsterinsights_sitenote_note":"","_monsterinsights_sitenote_category":0,"jetpack_post_was_ever_published":false,"footnotes":""},"class_list":["post-475","page","type-page","status-publish","hentry"],"jetpack_sharing_enabled":true,"jetpack_shortlink":"https:\/\/wp.me\/P99gSf-7F","jetpack_likes_enabled":true,"jetpack-related-posts":[],"_links":{"self":[{"href":"https:\/\/history.u-klubi.com\/tiitlivoistlused\/index.php\/wp-json\/wp\/v2\/pages\/475","targetHints":{"allow":["GET"]}}],"collection":[{"href":"https:\/\/history.u-klubi.com\/tiitlivoistlused\/index.php\/wp-json\/wp\/v2\/pages"}],"about":[{"href":"https:\/\/history.u-klubi.com\/tiitlivoistlused\/index.php\/wp-json\/wp\/v2\/types\/page"}],"author":[{"embeddable":true,"href":"https:\/\/history.u-klubi.com\/tiitlivoistlused\/index.php\/wp-json\/wp\/v2\/users\/1"}],"replies":[{"embeddable":true,"href":"https:\/\/history.u-klubi.com\/tiitlivoistlused\/index.php\/wp-json\/wp\/v2\/comments?post=475"}],"version-history":[{"count":4,"href":"https:\/\/history.u-klubi.com\/tiitlivoistlused\/index.php\/wp-json\/wp\/v2\/pages\/475\/revisions"}],"predecessor-version":[{"id":523,"href":"https:\/\/history.u-klubi.com\/tiitlivoistlused\/index.php\/wp-json\/wp\/v2\/pages\/475\/revisions\/523"}],"up":[{"embeddable":true,"href":"https:\/\/history.u-klubi.com\/tiitlivoistlused\/index.php\/wp-json\/wp\/v2\/pages\/70"}],"wp:attachment":[{"href":"https:\/\/history.u-klubi.com\/tiitlivoistlused\/index.php\/wp-json\/wp\/v2\/media?parent=475"}],"curies":[{"name":"wp","href":"https:\/\/api.w.org\/{rel}","templated":true}]}}