{"id":4,"date":"2017-08-09T20:00:47","date_gmt":"2017-08-09T20:00:47","guid":{"rendered":"http:\/\/history.u-klubi.com\/tiitlivoistlused\/index.php\/home\/"},"modified":"2017-09-05T19:57:30","modified_gmt":"2017-09-05T16:57:30","slug":"home","status":"publish","type":"page","link":"https:\/\/history.u-klubi.com\/tiitlivoistlused\/","title":{"rendered":"Esileht"},"content":{"rendered":"<p>Siit kodulehelt leiate meisterujumise tiitliv\u00f5istluste ajaloo Eesti ujujate esituses. Paraku ei ole k\u00f5igi v\u00f5istluste kohta info k\u00e4ttesaamine kerge. Nii on siin ruumi veel t\u00e4iendamiseks. Kui kellelgi meie ujujatel-v\u00f5istlejatel on t\u00e4iendusi-t\u00e4psustusi, siis v\u00f5iks need saata Toivo Viilepile (toivo@u-klubi.com) ning siis saab otsustada nende lisamise.<\/p>\n<p>Kui kellelgi leidub tulemuste protokolle v\u00f5i kasv\u00f5i osagi sellest, oleks see suureks abiks.<\/p>\n<p>Samuti on teretulnud pildid ajaloost, mis v\u00f5iksid neid kirjat\u00fckke ilmestada.<\/p>\n<p>Lisaks ootan ka muid ajaloolise h\u00f5nguga tekste-pilte meie varasematest ettev\u00f5tmistest, et kodulehele talletada. Saatke vastav info e-posti aadressile kaia@u-klubi.com. V\u00f5imalik materjale ka skaneerida.<\/p>\n","protected":false},"excerpt":{"rendered":"<p>Siit kodulehelt leiate meisterujumise tiitliv\u00f5istluste ajaloo Eesti ujujate esituses. Paraku ei ole k\u00f5igi v\u00f5istluste kohta info k\u00e4ttesaamine kerge. Nii on siin ruumi veel t\u00e4iendamiseks. Kui kellelgi meie ujujatel-v\u00f5istlejatel on t\u00e4iendusi-t\u00e4psustusi, siis v\u00f5iks need saata Toivo Viilepile (toivo@u-klubi.com) ning siis saab otsustada nende lisamise. Kui kellelgi leidub tulemuste protokolle v\u00f5i kasv\u00f5i osagi sellest, oleks see suureks &hellip; <a href=\"https:\/\/history.u-klubi.com\/tiitlivoistlused\/\" class=\"more-link\">Loe edasi<span class=\"screen-reader-text\"> &#8220;Esileht&#8221;<\/span><\/a><\/p>\n","protected":false},"author":1,"featured_media":0,"parent":0,"menu_order":1,"comment_status":"closed","ping_status":"closed","template":"","meta":{"nf_dc_page":"","om_disable_all_campaigns":false,"_monsterinsights_skip_tracking":false,"_monsterinsights_sitenote_active":false,"_monsterinsights_sitenote_note":"","_monsterinsights_sitenote_category":0,"jetpack_post_was_ever_published":false,"footnotes":""},"class_list":["post-4","page","type-page","status-publish","hentry"],"jetpack_sharing_enabled":true,"jetpack_shortlink":"https:\/\/wp.me\/P99gSf-4","jetpack_likes_enabled":true,"jetpack-related-posts":[],"_links":{"self":[{"href":"https:\/\/history.u-klubi.com\/tiitlivoistlused\/index.php\/wp-json\/wp\/v2\/pages\/4","targetHints":{"allow":["GET"]}}],"collection":[{"href":"https:\/\/history.u-klubi.com\/tiitlivoistlused\/index.php\/wp-json\/wp\/v2\/pages"}],"about":[{"href":"https:\/\/history.u-klubi.com\/tiitlivoistlused\/index.php\/wp-json\/wp\/v2\/types\/page"}],"author":[{"embeddable":true,"href":"https:\/\/history.u-klubi.com\/tiitlivoistlused\/index.php\/wp-json\/wp\/v2\/users\/1"}],"replies":[{"embeddable":true,"href":"https:\/\/history.u-klubi.com\/tiitlivoistlused\/index.php\/wp-json\/wp\/v2\/comments?post=4"}],"version-history":[{"count":4,"href":"https:\/\/history.u-klubi.com\/tiitlivoistlused\/index.php\/wp-json\/wp\/v2\/pages\/4\/revisions"}],"predecessor-version":[{"id":257,"href":"https:\/\/history.u-klubi.com\/tiitlivoistlused\/index.php\/wp-json\/wp\/v2\/pages\/4\/revisions\/257"}],"wp:attachment":[{"href":"https:\/\/history.u-klubi.com\/tiitlivoistlused\/index.php\/wp-json\/wp\/v2\/media?parent=4"}],"curies":[{"name":"wp","href":"https:\/\/api.w.org\/{rel}","templated":true}]}}