{"id":340,"date":"2018-08-20T13:18:37","date_gmt":"2018-08-20T10:18:37","guid":{"rendered":"http:\/\/history.u-klubi.com\/tiitlivoistlused\/?page_id=340"},"modified":"2018-09-09T21:40:04","modified_gmt":"2018-09-09T18:40:04","slug":"2018-avaveeujumise-tulemused","status":"publish","type":"page","link":"https:\/\/history.u-klubi.com\/tiitlivoistlused\/index.php\/avaveeujumise-tiitlivoistlused\/2018-avaveeujumise-tulemused\/","title":{"rendered":"2018 avaveeujumise tulemused"},"content":{"rendered":"<p>8. ja 9. septembril 2018 toimuvad Bledi j\u00e4rvel Sloveenias avaveeujumise Euroopa meistriv\u00f5istlused, kus kavas on kaks distantsi &#8211; 3 km ja 5 km.<\/p>\n<p>U-klubilastest on v\u00f5istlustules 11 meisterujujat, sh 7 nendest v\u00f5istlevad m\u00f5lemal distantsil, ja Viimsi Veeklubist 2 meisterujujat (Bruno Nopponen ja Romet Tepper), kes samuti ujuvad m\u00f5lemal distantsil.<\/p>\n<p><strong>3 km<\/strong><\/p>\n<p><strong>MEDALID<\/strong><\/p>\n<p>Eha Lilienthal (70-74) &#8211; 54:27,9 &#8211;\u00a0<strong>3. koht<\/strong> (osav\u00f5tjaid 13)<\/p>\n<p><strong>TULEMUSED<\/strong><\/p>\n<p><strong>Viive<\/strong> N\u00f5u (70-74) &#8211; 1:01:02,3 &#8211;\u00a07. koht (osav\u00f5tjaid\u00a0 13)<br \/>\nSirje Voolmaa (65-69) &#8211; 59:42,9 &#8211; 11. koht (osav\u00f5tjaid 15)<br \/>\nMerle Vantsi (50-54) &#8211; 44:12,1 &#8211; 13. koht (osav\u00f5tjaid 69)<br \/>\nRiina Ots (50-54) &#8211; 47:48,6 &#8211; 30. koht (osav\u00f5tjaid 69)<br \/>\nEve Virkkunen (45-49) &#8211; 43:11,2 &#8211; 16. koht (osav\u00f5tjaid 41)<br \/>\nEili Paap (40-44) &#8211; 45:01,2 &#8211; 21. koht (osav\u00f5tjaid 41)<br \/>\nKristiina Arusoo (35-39) &#8211; 43:44,7 &#8211; 13. koht (osav\u00f5tjaid 32)<\/p>\n<p>Aksel Luige (65-69) &#8211; 1:00:44,3 &#8211; 18. koht (osav\u00f5tjaid 21)<br \/>\nOlev Kooskora (55-59) &#8211; 54:26,3 &#8211; 62. koht (osav\u00f5tjaid 77)<br \/>\nBruno Nopponen (40-44) &#8211; 35:59,1 &#8211; 11. koht (osav\u00f5tjaid 59)<br \/>\nRomet Tepper (40-44) &#8211; 39:04,3 &#8211; 21. koht (osav\u00f5tjaid 59)<\/p>\n<p><strong>5 km<\/strong><\/p>\n<p><strong>MEDALID<\/strong><\/p>\n<p>Eha Lilienthal (70-74) &#8211; 1:38.04,5 &#8211; <strong>1.<\/strong>\u00a0<strong>koht<\/strong> (osav\u00f5tjaid 5)<br \/>\nViive N\u00f5u (70-74) &#8211; 1:50.40,7 &#8211;\u00a0<strong>3. koht\u00a0<\/strong>(osav\u00f5tjaid 5)<\/p>\n<p><strong>TULEMUSED<\/strong><\/p>\n<p>Sirje Voolmaa (65-69) &#8211; 1:50.03,4 &#8211;\u00a0<strong>7. koht\u00a0<\/strong>(osav\u00f5tjaid 8)<br \/>\nRiina Ots (50-54) &#8211; 1:22.40,3 &#8211; 19. koht (osav\u00f5tjaid 27)<br \/>\nMerle Vantsi (50-54) &#8211; 1:18.32,2 &#8211; 16. koht (osav\u00f5tjaid 27)<br \/>\nEili Paap (40-44) &#8211; 1:21.37,3 &#8211; 14. koht (osav\u00f5tjaid 20)<br \/>\nKristiina Arusoo (35-39) &#8211; 1:18.38,5 &#8211; 13. koht (osav\u00f5tjaid 22)<\/p>\n<p>Andrei Severdalkin (55-59) &#8211; 1:35.24,8 &#8211; 37. koht (osav\u00f5tjaid 42)<br \/>\nBruno Nopponen (40-44) &#8211; 1:05.54,9 &#8211; 14. koht (osav\u00f5tjaid 43)<br \/>\nRomet Tepper (40-44) &#8211; 1:09.39,0 &#8211; 28. koht (osav\u00f5tjaid 43)<\/p>\n<p>&nbsp;<\/p>\n","protected":false},"excerpt":{"rendered":"<p>8. ja 9. septembril 2018 toimuvad Bledi j\u00e4rvel Sloveenias avaveeujumise Euroopa meistriv\u00f5istlused, kus kavas on kaks distantsi &#8211; 3 km ja 5 km. U-klubilastest on v\u00f5istlustules 11 meisterujujat, sh 7 nendest v\u00f5istlevad m\u00f5lemal distantsil, ja Viimsi Veeklubist 2 meisterujujat (Bruno Nopponen ja Romet Tepper), kes samuti ujuvad m\u00f5lemal distantsil. 3 km MEDALID Eha Lilienthal (70-74) &hellip; <a href=\"https:\/\/history.u-klubi.com\/tiitlivoistlused\/index.php\/avaveeujumise-tiitlivoistlused\/2018-avaveeujumise-tulemused\/\" class=\"more-link\">Loe edasi<span class=\"screen-reader-text\"> &#8220;2018 avaveeujumise tulemused&#8221;<\/span><\/a><\/p>\n","protected":false},"author":1,"featured_media":0,"parent":70,"menu_order":0,"comment_status":"closed","ping_status":"closed","template":"","meta":{"nf_dc_page":"","om_disable_all_campaigns":false,"_monsterinsights_skip_tracking":false,"_monsterinsights_sitenote_active":false,"_monsterinsights_sitenote_note":"","_monsterinsights_sitenote_category":0,"jetpack_post_was_ever_published":false,"footnotes":""},"class_list":["post-340","page","type-page","status-publish","hentry"],"jetpack_sharing_enabled":true,"jetpack_shortlink":"https:\/\/wp.me\/P99gSf-5u","jetpack_likes_enabled":true,"jetpack-related-posts":[],"_links":{"self":[{"href":"https:\/\/history.u-klubi.com\/tiitlivoistlused\/index.php\/wp-json\/wp\/v2\/pages\/340","targetHints":{"allow":["GET"]}}],"collection":[{"href":"https:\/\/history.u-klubi.com\/tiitlivoistlused\/index.php\/wp-json\/wp\/v2\/pages"}],"about":[{"href":"https:\/\/history.u-klubi.com\/tiitlivoistlused\/index.php\/wp-json\/wp\/v2\/types\/page"}],"author":[{"embeddable":true,"href":"https:\/\/history.u-klubi.com\/tiitlivoistlused\/index.php\/wp-json\/wp\/v2\/users\/1"}],"replies":[{"embeddable":true,"href":"https:\/\/history.u-klubi.com\/tiitlivoistlused\/index.php\/wp-json\/wp\/v2\/comments?post=340"}],"version-history":[{"count":8,"href":"https:\/\/history.u-klubi.com\/tiitlivoistlused\/index.php\/wp-json\/wp\/v2\/pages\/340\/revisions"}],"predecessor-version":[{"id":407,"href":"https:\/\/history.u-klubi.com\/tiitlivoistlused\/index.php\/wp-json\/wp\/v2\/pages\/340\/revisions\/407"}],"up":[{"embeddable":true,"href":"https:\/\/history.u-klubi.com\/tiitlivoistlused\/index.php\/wp-json\/wp\/v2\/pages\/70"}],"wp:attachment":[{"href":"https:\/\/history.u-klubi.com\/tiitlivoistlused\/index.php\/wp-json\/wp\/v2\/media?parent=340"}],"curies":[{"name":"wp","href":"https:\/\/api.w.org\/{rel}","templated":true}]}}